{"id":439,"date":"2023-08-17T08:02:28","date_gmt":"2023-08-17T06:02:28","guid":{"rendered":"https:\/\/demosites.royal-elementor-addons.com\/nature-v2\/?page_id=6"},"modified":"2024-06-16T22:00:15","modified_gmt":"2024-06-16T20:00:15","slug":"home-nature-v2","status":"publish","type":"page","link":"https:\/\/oli-decock.eu\/","title":{"rendered":"Olivier DeCock &#8211; Soins \u00e9nerg\u00e9tiques et reconnexion personnelle"},"content":{"rendered":"\t\t<div data-elementor-type=\"wp-page\" data-elementor-id=\"439\" class=\"elementor elementor-439\">\n\t\t\t\t<div class=\"elementor-element elementor-element-1d45c03 e-con-full e-flex wpr-particle-no wpr-jarallax-no wpr-parallax-no wpr-sticky-section-no e-con e-parent\" data-id=\"1d45c03\" data-element_type=\"container\" data-settings=\"{&quot;background_background&quot;:&quot;classic&quot;}\">\n\t\t<div class=\"elementor-element elementor-element-dd6be81 e-flex e-con-boxed wpr-particle-no wpr-jarallax-no wpr-parallax-no wpr-sticky-section-no e-con e-child\" data-id=\"dd6be81\" data-element_type=\"container\">\n\t\t\t\t\t<div class=\"e-con-inner\">\n\t\t\t\t<div class=\"elementor-element elementor-element-b45ed28 elementor-widget elementor-widget-heading\" data-id=\"b45ed28\" data-element_type=\"widget\" data-widget_type=\"heading.default\">\n\t\t\t\t<div class=\"elementor-widget-container\">\n\t\t\t<style>\/*! elementor - v3.21.0 - 26-05-2024 *\/\n.elementor-heading-title{padding:0;margin:0;line-height:1}.elementor-widget-heading .elementor-heading-title[class*=elementor-size-]>a{color:inherit;font-size:inherit;line-height:inherit}.elementor-widget-heading .elementor-heading-title.elementor-size-small{font-size:15px}.elementor-widget-heading .elementor-heading-title.elementor-size-medium{font-size:19px}.elementor-widget-heading .elementor-heading-title.elementor-size-large{font-size:29px}.elementor-widget-heading .elementor-heading-title.elementor-size-xl{font-size:39px}.elementor-widget-heading .elementor-heading-title.elementor-size-xxl{font-size:59px}<\/style><h1 class=\"elementor-heading-title elementor-size-default\">De mieux gu\u00e9rir \u00e0 mieux exceller<\/h1>\t\t<\/div>\n\t\t\t\t<\/div>\n\t\t\t\t<div class=\"elementor-element elementor-element-e41cdeb elementor-widget elementor-widget-text-editor\" data-id=\"e41cdeb\" data-element_type=\"widget\" data-widget_type=\"text-editor.default\">\n\t\t\t\t<div class=\"elementor-widget-container\">\n\t\t\t<style>\/*! elementor - v3.21.0 - 26-05-2024 *\/\n.elementor-widget-text-editor.elementor-drop-cap-view-stacked .elementor-drop-cap{background-color:#69727d;color:#fff}.elementor-widget-text-editor.elementor-drop-cap-view-framed .elementor-drop-cap{color:#69727d;border:3px solid;background-color:transparent}.elementor-widget-text-editor:not(.elementor-drop-cap-view-default) .elementor-drop-cap{margin-top:8px}.elementor-widget-text-editor:not(.elementor-drop-cap-view-default) .elementor-drop-cap-letter{width:1em;height:1em}.elementor-widget-text-editor .elementor-drop-cap{float:left;text-align:center;line-height:1;font-size:50px}.elementor-widget-text-editor .elementor-drop-cap-letter{display:inline-block}<\/style>\t\t\t\t<p>Olivier DeCock propose deux types de soins \u00e9nerg\u00e9tiques sans contact, \u00e0 finalit\u00e9s diff\u00e9rentes, aussi efficace l\u2019un que l\u2019autre : les soins reconnectifs et la reconnexion personnelle.<\/p>\t\t\t\t\t\t<\/div>\n\t\t\t\t<\/div>\n\t\t<div class=\"elementor-element elementor-element-b4533c7 e-con-full e-flex wpr-particle-no wpr-jarallax-no wpr-parallax-no wpr-sticky-section-no e-con e-child\" data-id=\"b4533c7\" data-element_type=\"container\">\n\t\t\t\t<div class=\"elementor-element elementor-element-a4e2ac4 wpr-button-icon-style-inline wpr-button-icon-position-right elementor-widget elementor-widget-wpr-button\" data-id=\"a4e2ac4\" data-element_type=\"widget\" data-widget_type=\"wpr-button.default\">\n\t\t\t\t<div class=\"elementor-widget-container\">\n\t\t\t\t\n\t\t\t\n\t\t\n\t\t<div class=\"wpr-button-wrap elementor-clearfix\">\n\t\t<a class=\"wpr-button wpr-button-effect wpr-button-none\" data-text=\"Go\" href=\"\/?page_id=981\">\n\t\t\t\n\t\t\t<span class=\"wpr-button-content\">\n\t\t\t\t\t\t\t\t\t<span class=\"wpr-button-text\">Soins Reconnectifs<\/span>\n\t\t\t\t\t\t\t\t\n\t\t\t\t\t\t\t<\/span>\n\t\t<\/a>\n\n\t\t\t\t<\/div>\n\t\n\t\n\t\t\t<\/div>\n\t\t\t\t<\/div>\n\t\t\t\t<div class=\"elementor-element elementor-element-76aa0b0 wpr-button-icon-style-inline wpr-button-icon-position-right elementor-widget elementor-widget-wpr-button\" data-id=\"76aa0b0\" data-element_type=\"widget\" data-widget_type=\"wpr-button.default\">\n\t\t\t\t<div class=\"elementor-widget-container\">\n\t\t\t\t\n\t\t\t\n\t\t\n\t\t<div class=\"wpr-button-wrap elementor-clearfix\">\n\t\t<a class=\"wpr-button wpr-button-effect wpr-button-none\" data-text=\"Go\" href=\"\/?page_id=1189\">\n\t\t\t\n\t\t\t<span class=\"wpr-button-content\">\n\t\t\t\t\t\t\t\t\t<span class=\"wpr-button-text\">Reconnexion Personnelle<\/span>\n\t\t\t\t\t\t\t\t\n\t\t\t\t\t\t\t<\/span>\n\t\t<\/a>\n\n\t\t\t\t<\/div>\n\t\n\t\n\t\t\t<\/div>\n\t\t\t\t<\/div>\n\t\t\t\t<\/div>\n\t\t\t\t\t<\/div>\n\t\t\t\t<\/div>\n\t\t\t\t<\/div>\n\t\t<div class=\"elementor-element elementor-element-ff56461 col-img-text e-flex e-con-boxed wpr-particle-no wpr-jarallax-no wpr-parallax-no wpr-sticky-section-no e-con e-parent\" data-id=\"ff56461\" data-element_type=\"container\">\n\t\t\t\t\t<div class=\"e-con-inner\">\n\t\t<div class=\"elementor-element elementor-element-d45adb4 e-con-full e-flex wpr-particle-no wpr-jarallax-no wpr-parallax-no wpr-sticky-section-no e-con e-child\" data-id=\"d45adb4\" data-element_type=\"container\">\n\t\t\t\t<div class=\"elementor-element elementor-element-b9bf440 elementor-widget elementor-widget-image\" data-id=\"b9bf440\" data-element_type=\"widget\" data-widget_type=\"image.default\">\n\t\t\t\t<div class=\"elementor-widget-container\">\n\t\t\t<style>\/*! elementor - v3.21.0 - 26-05-2024 *\/\n.elementor-widget-image{text-align:center}.elementor-widget-image a{display:inline-block}.elementor-widget-image a img[src$=\".svg\"]{width:48px}.elementor-widget-image img{vertical-align:middle;display:inline-block}<\/style>\t\t\t\t\t\t\t\t\t\t<img fetchpriority=\"high\" decoding=\"async\" width=\"768\" height=\"512\" src=\"https:\/\/oli-decock.eu\/wp-content\/uploads\/2024\/04\/soins-reconnectifsHP_1280-768x512.jpg\" class=\"attachment-medium_large size-medium_large wp-image-782\" alt=\"\" srcset=\"https:\/\/oli-decock.eu\/wp-content\/uploads\/2024\/04\/soins-reconnectifsHP_1280-768x512.jpg 768w, https:\/\/oli-decock.eu\/wp-content\/uploads\/2024\/04\/soins-reconnectifsHP_1280-300x200.jpg 300w, https:\/\/oli-decock.eu\/wp-content\/uploads\/2024\/04\/soins-reconnectifsHP_1280-1024x682.jpg 1024w, https:\/\/oli-decock.eu\/wp-content\/uploads\/2024\/04\/soins-reconnectifsHP_1280.jpg 1280w\" sizes=\"(max-width: 768px) 100vw, 768px\" \/>\t\t\t\t\t\t\t\t\t\t\t\t\t<\/div>\n\t\t\t\t<\/div>\n\t\t\t\t<\/div>\n\t\t<div class=\"elementor-element elementor-element-43ffb96 e-con-full e-flex wpr-particle-no wpr-jarallax-no wpr-parallax-no wpr-sticky-section-no e-con e-child\" data-id=\"43ffb96\" data-element_type=\"container\">\n\t\t\t\t<div class=\"elementor-element elementor-element-da08620 elementor-widget elementor-widget-heading\" data-id=\"da08620\" data-element_type=\"widget\" data-widget_type=\"heading.default\">\n\t\t\t\t<div class=\"elementor-widget-container\">\n\t\t\t<h2 class=\"elementor-heading-title elementor-size-default\">Retrouver un \u00e9quilibre<\/h2>\t\t<\/div>\n\t\t\t\t<\/div>\n\t\t\t\t<div class=\"elementor-element elementor-element-3fc02b1 bold-text elementor-widget elementor-widget-heading\" data-id=\"3fc02b1\" data-element_type=\"widget\" data-widget_type=\"heading.default\">\n\t\t\t\t<div class=\"elementor-widget-container\">\n\t\t\t<h2 class=\"elementor-heading-title elementor-size-default\">Soins Reconnectifs<\/h2>\t\t<\/div>\n\t\t\t\t<\/div>\n\t\t\t\t<div class=\"elementor-element elementor-element-72ffd92 elementor-widget elementor-widget-text-editor\" data-id=\"72ffd92\" data-element_type=\"widget\" data-widget_type=\"text-editor.default\">\n\t\t\t\t<div class=\"elementor-widget-container\">\n\t\t\t\t\t\t\t<p class=\"framer-text\">Adapt\u00e9s \u00e0 tous, humains ou animaux, ils soulagent les probl\u00e8mes physiques et les \u00e9tats \u00e9motionnels difficiles<\/p>\t\t\t\t\t\t<\/div>\n\t\t\t\t<\/div>\n\t\t\t\t<div class=\"elementor-element elementor-element-b740f9f wpr-button-icon-style-inline wpr-button-icon-position-right elementor-widget elementor-widget-wpr-button\" data-id=\"b740f9f\" data-element_type=\"widget\" data-widget_type=\"wpr-button.default\">\n\t\t\t\t<div class=\"elementor-widget-container\">\n\t\t\t\t\n\t\t\t\n\t\t\n\t\t<div class=\"wpr-button-wrap elementor-clearfix\">\n\t\t<a class=\"wpr-button wpr-button-effect wpr-button-none\" data-text=\"Go\" href=\"\/?page_id=981\">\n\t\t\t\n\t\t\t<span class=\"wpr-button-content\">\n\t\t\t\t\t\t\t\t\t<span class=\"wpr-button-text\">En savoir plus<\/span>\n\t\t\t\t\t\t\t\t\n\t\t\t\t\t\t\t<\/span>\n\t\t<\/a>\n\n\t\t\t\t<\/div>\n\t\n\t\n\t\t\t<\/div>\n\t\t\t\t<\/div>\n\t\t\t\t<\/div>\n\t\t\t\t\t<\/div>\n\t\t\t\t<\/div>\n\t\t<div class=\"elementor-element elementor-element-15b5db0 col-img-text e-flex e-con-boxed wpr-particle-no wpr-jarallax-no wpr-parallax-no wpr-sticky-section-no e-con e-parent\" data-id=\"15b5db0\" data-element_type=\"container\">\n\t\t\t\t\t<div class=\"e-con-inner\">\n\t\t<div class=\"elementor-element elementor-element-b0f682f e-con-full e-flex wpr-particle-no wpr-jarallax-no wpr-parallax-no wpr-sticky-section-no e-con e-child\" data-id=\"b0f682f\" data-element_type=\"container\">\n\t\t\t\t<div class=\"elementor-element elementor-element-d40c29a elementor-widget elementor-widget-image\" data-id=\"d40c29a\" data-element_type=\"widget\" data-widget_type=\"image.default\">\n\t\t\t\t<div class=\"elementor-widget-container\">\n\t\t\t\t\t\t\t\t\t\t\t\t\t<img decoding=\"async\" width=\"768\" height=\"476\" src=\"https:\/\/oli-decock.eu\/wp-content\/uploads\/2024\/04\/reconnectionHP_1280-768x476.jpg\" class=\"attachment-medium_large size-medium_large wp-image-783\" alt=\"\" srcset=\"https:\/\/oli-decock.eu\/wp-content\/uploads\/2024\/04\/reconnectionHP_1280-768x476.jpg 768w, https:\/\/oli-decock.eu\/wp-content\/uploads\/2024\/04\/reconnectionHP_1280-300x186.jpg 300w, https:\/\/oli-decock.eu\/wp-content\/uploads\/2024\/04\/reconnectionHP_1280-1024x635.jpg 1024w, https:\/\/oli-decock.eu\/wp-content\/uploads\/2024\/04\/reconnectionHP_1280.jpg 1280w\" sizes=\"(max-width: 768px) 100vw, 768px\" \/>\t\t\t\t\t\t\t\t\t\t\t\t\t<\/div>\n\t\t\t\t<\/div>\n\t\t\t\t<\/div>\n\t\t<div class=\"elementor-element elementor-element-a84abb5 e-con-full e-flex wpr-particle-no wpr-jarallax-no wpr-parallax-no wpr-sticky-section-no e-con e-child\" data-id=\"a84abb5\" data-element_type=\"container\">\n\t\t\t\t<div class=\"elementor-element elementor-element-03d8aa6 elementor-widget elementor-widget-heading\" data-id=\"03d8aa6\" data-element_type=\"widget\" data-widget_type=\"heading.default\">\n\t\t\t\t<div class=\"elementor-widget-container\">\n\t\t\t<h2 class=\"elementor-heading-title elementor-size-default\">ouvrir sa conscience<\/h2>\t\t<\/div>\n\t\t\t\t<\/div>\n\t\t\t\t<div class=\"elementor-element elementor-element-539fea6 bold-text elementor-widget elementor-widget-heading\" data-id=\"539fea6\" data-element_type=\"widget\" data-widget_type=\"heading.default\">\n\t\t\t\t<div class=\"elementor-widget-container\">\n\t\t\t<h2 class=\"elementor-heading-title elementor-size-default\">Reconnexion Personnelle<\/h2>\t\t<\/div>\n\t\t\t\t<\/div>\n\t\t\t\t<div class=\"elementor-element elementor-element-031c74a elementor-widget elementor-widget-text-editor\" data-id=\"031c74a\" data-element_type=\"widget\" data-widget_type=\"text-editor.default\">\n\t\t\t\t<div class=\"elementor-widget-container\">\n\t\t\t\t\t\t\t<p>Un processus d\u2019ouverture de conscience, une d\u00e9marche de d\u00e9veloppement personnel et spirituel<\/p>\t\t\t\t\t\t<\/div>\n\t\t\t\t<\/div>\n\t\t\t\t<div class=\"elementor-element elementor-element-9b8bdd9 wpr-button-icon-style-inline wpr-button-icon-position-right elementor-widget elementor-widget-wpr-button\" data-id=\"9b8bdd9\" data-element_type=\"widget\" data-widget_type=\"wpr-button.default\">\n\t\t\t\t<div class=\"elementor-widget-container\">\n\t\t\t\t\n\t\t\t\n\t\t\n\t\t<div class=\"wpr-button-wrap elementor-clearfix\">\n\t\t<a class=\"wpr-button wpr-button-effect wpr-button-none\" data-text=\"Go\" href=\"\/?page_id=1189\">\n\t\t\t\n\t\t\t<span class=\"wpr-button-content\">\n\t\t\t\t\t\t\t\t\t<span class=\"wpr-button-text\">En savoir plus<\/span>\n\t\t\t\t\t\t\t\t\n\t\t\t\t\t\t\t<\/span>\n\t\t<\/a>\n\n\t\t\t\t<\/div>\n\t\n\t\n\t\t\t<\/div>\n\t\t\t\t<\/div>\n\t\t\t\t<\/div>\n\t\t\t\t\t<\/div>\n\t\t\t\t<\/div>\n\t\t\t\t<section class=\"elementor-section elementor-top-section elementor-element elementor-element-76c05f4 elementor-section-boxed elementor-section-height-default elementor-section-height-default wpr-particle-no wpr-jarallax-no wpr-parallax-no wpr-sticky-section-no\" data-id=\"76c05f4\" data-element_type=\"section\" data-settings=\"{&quot;background_background&quot;:&quot;classic&quot;}\">\n\t\t\t\t\t\t<div class=\"elementor-container elementor-column-gap-default\">\n\t\t\t\t\t<div class=\"elementor-column elementor-col-100 elementor-top-column elementor-element elementor-element-48fa097\" data-id=\"48fa097\" data-element_type=\"column\">\n\t\t\t<div class=\"elementor-widget-wrap elementor-element-populated\">\n\t\t\t\t\t\t<div class=\"elementor-element elementor-element-c149656 bold-text elementor-widget elementor-widget-heading\" data-id=\"c149656\" data-element_type=\"widget\" data-widget_type=\"heading.default\">\n\t\t\t\t<div class=\"elementor-widget-container\">\n\t\t\t<h2 class=\"elementor-heading-title elementor-size-default\">T\u00e9moignages<\/h2>\t\t<\/div>\n\t\t\t\t<\/div>\n\t\t\t\t<div class=\"elementor-section elementor-inner-section elementor-element elementor-element-d239f06 elementor-section-full_width elementor-section-height-default elementor-section-height-default wpr-particle-no wpr-jarallax-no wpr-parallax-no wpr-sticky-section-no\" data-id=\"d239f06\" data-element_type=\"section\">\n\t\t\t\t\t\t<div class=\"elementor-container elementor-column-gap-default\">\n\t\t\t\t\t<div class=\"elementor-column elementor-col-33 elementor-inner-column elementor-element elementor-element-7596ed2\" data-id=\"7596ed2\" data-element_type=\"column\" data-settings=\"{&quot;background_background&quot;:&quot;classic&quot;}\">\n\t\t\t<div class=\"elementor-widget-wrap elementor-element-populated\">\n\t\t\t\t\t\t<div class=\"elementor-element elementor-element-b4d3c14 elementor-widget elementor-widget-text-editor\" data-id=\"b4d3c14\" data-element_type=\"widget\" data-widget_type=\"text-editor.default\">\n\t\t\t\t<div class=\"elementor-widget-container\">\n\t\t\t\t\t\t\t<p>\u00ab\u00a0J&rsquo;ai eu l&rsquo;occasion de recourir aux services de Olivier \u00e0 plusieurs reprises et j&rsquo;ai vraiment \u00e9t\u00e9 soulag\u00e9 par ses soins, vraiment.<br>Je le recommande \u00e0 tous ceux qui ressentent le besoin d&rsquo;\u00eatre accompagn\u00e9 aid\u00e9 et soulag\u00e9.\u00a0\u00bb<\/p>\t\t\t\t\t\t<\/div>\n\t\t\t\t<\/div>\n\t\t\t\t<div class=\"elementor-element elementor-element-44e0fa9 elementor-widget elementor-widget-text-editor\" data-id=\"44e0fa9\" data-element_type=\"widget\" data-widget_type=\"text-editor.default\">\n\t\t\t\t<div class=\"elementor-widget-container\">\n\t\t\t\t\t\t\t<strong>Adrien<\/strong><br\/>\n<span>Saint-Thibery<\/span>\t\t\t\t\t\t<\/div>\n\t\t\t\t<\/div>\n\t\t\t\t\t<\/div>\n\t\t<\/div>\n\t\t\t\t<div class=\"elementor-column elementor-col-33 elementor-inner-column elementor-element elementor-element-97bb0f5\" data-id=\"97bb0f5\" data-element_type=\"column\" data-settings=\"{&quot;background_background&quot;:&quot;classic&quot;}\">\n\t\t\t<div class=\"elementor-widget-wrap elementor-element-populated\">\n\t\t\t\t\t\t<div class=\"elementor-element elementor-element-550e557 elementor-widget elementor-widget-text-editor\" data-id=\"550e557\" data-element_type=\"widget\" data-widget_type=\"text-editor.default\">\n\t\t\t\t<div class=\"elementor-widget-container\">\n\t\t\t\t\t\t\t<p>\u00ab\u00a0Je ne remercierai jamais assez Olivier qui, de Belgique, m\u2019a soulag\u00e9e d\u2019un mal de dos insupportable.<br \/>Pendant le soin j\u2019ai ressenti une grande chaleur et la douleur a diminu\u00e9 petit \u00e0 petit jusqu\u2019\u00e0 devenir insignifiante.\u00a0\u00bb<\/p>\t\t\t\t\t\t<\/div>\n\t\t\t\t<\/div>\n\t\t\t\t<div class=\"elementor-element elementor-element-35c9738 elementor-widget elementor-widget-text-editor\" data-id=\"35c9738\" data-element_type=\"widget\" data-widget_type=\"text-editor.default\">\n\t\t\t\t<div class=\"elementor-widget-container\">\n\t\t\t\t\t\t\t<p><strong>G. Melquion<\/strong><br \/>Marseille<\/p>\t\t\t\t\t\t<\/div>\n\t\t\t\t<\/div>\n\t\t\t\t\t<\/div>\n\t\t<\/div>\n\t\t\t\t<div class=\"elementor-column elementor-col-33 elementor-inner-column elementor-element elementor-element-fd17a64\" data-id=\"fd17a64\" data-element_type=\"column\" data-settings=\"{&quot;background_background&quot;:&quot;classic&quot;}\">\n\t\t\t<div class=\"elementor-widget-wrap elementor-element-populated\">\n\t\t\t\t\t\t<div class=\"elementor-element elementor-element-359be07 elementor-widget elementor-widget-text-editor\" data-id=\"359be07\" data-element_type=\"widget\" data-widget_type=\"text-editor.default\">\n\t\t\t\t<div class=\"elementor-widget-container\">\n\t\t\t\t\t\t\t<p>\u00ab\u00a0Je suis une hypersensible, tr\u00e8s r\u00e9active au petits \u00ab\u00a0bobos\u00a0\u00bb\u2026<br \/>Avec les soins reconnectifs pratiqu\u00e9s par Olivier, plus rien de tout cela. Parfois pendant le soin, une douleur intense appara\u00eet pour dispara\u00eetre petit \u00e0 petit.<br \/>C&rsquo;est magique ! Merci.\u00a0\u00bb<\/p>\t\t\t\t\t\t<\/div>\n\t\t\t\t<\/div>\n\t\t\t\t<div class=\"elementor-element elementor-element-0cc54e3 elementor-widget elementor-widget-text-editor\" data-id=\"0cc54e3\" data-element_type=\"widget\" data-widget_type=\"text-editor.default\">\n\t\t\t\t<div class=\"elementor-widget-container\">\n\t\t\t\t\t\t\t<p><b>V\u00e9ronique<br \/><\/b>Li\u00e8ge<\/p>\t\t\t\t\t\t<\/div>\n\t\t\t\t<\/div>\n\t\t\t\t\t<\/div>\n\t\t<\/div>\n\t\t\t\t\t<\/div>\n\t\t<\/div>\n\t\t\t\t\t<\/div>\n\t\t<\/div>\n\t\t\t\t\t<\/div>\n\t\t<\/section>\n\t\t\t\t<\/div>\n\t\t","protected":false},"excerpt":{"rendered":"<p>De mieux gu\u00e9rir \u00e0 mieux exceller Olivier DeCock propose deux types de soins \u00e9nerg\u00e9tiques sans contact, \u00e0 finalit\u00e9s diff\u00e9rentes, aussi efficace l\u2019un que l\u2019autre : les soins reconnectifs et la reconnexion personnelle. Soins Reconnectifs Reconnexion Personnelle Retrouver un \u00e9quilibre Soins Reconnectifs Adapt\u00e9s \u00e0 tous, humains ou animaux, ils soulagent les probl\u00e8mes physiques et les \u00e9tats \u00e9motionnels difficiles En savoir plus ouvrir sa conscience Reconnexion Personnelle Un processus d\u2019ouverture de conscience, une d\u00e9marche de d\u00e9veloppement personnel et spirituel En savoir plus T\u00e9moignages \u00ab\u00a0J&rsquo;ai eu l&rsquo;occasion de recourir aux services de Olivier \u00e0 plusieurs reprises et j&rsquo;ai vraiment \u00e9t\u00e9 soulag\u00e9 par ses soins, vraiment.Je le recommande \u00e0 tous ceux qui ressentent le besoin d&rsquo;\u00eatre accompagn\u00e9 aid\u00e9 et soulag\u00e9.\u00a0\u00bb Adrien Saint-Thibery \u00ab\u00a0Je ne remercierai jamais assez Olivier qui, de Belgique, m\u2019a soulag\u00e9e d\u2019un mal de dos insupportable.Pendant le soin j\u2019ai ressenti une grande chaleur et la douleur a diminu\u00e9 petit \u00e0 petit jusqu\u2019\u00e0 devenir insignifiante.\u00a0\u00bb G. MelquionMarseille \u00ab\u00a0Je suis une hypersensible, tr\u00e8s r\u00e9active au petits \u00ab\u00a0bobos\u00a0\u00bb\u2026Avec les soins reconnectifs pratiqu\u00e9s par Olivier, plus rien de tout cela. Parfois pendant le soin, une douleur intense appara\u00eet pour dispara\u00eetre petit \u00e0 petit.C&rsquo;est magique ! Merci.\u00a0\u00bb V\u00e9roniqueLi\u00e8ge<\/p>\n","protected":false},"author":1,"featured_media":0,"parent":0,"menu_order":0,"comment_status":"closed","ping_status":"closed","template":"elementor_header_footer","meta":{"footnotes":""},"class_list":["post-439","page","type-page","status-publish","hentry"],"_links":{"self":[{"href":"https:\/\/oli-decock.eu\/index.php?rest_route=\/wp\/v2\/pages\/439","targetHints":{"allow":["GET"]}}],"collection":[{"href":"https:\/\/oli-decock.eu\/index.php?rest_route=\/wp\/v2\/pages"}],"about":[{"href":"https:\/\/oli-decock.eu\/index.php?rest_route=\/wp\/v2\/types\/page"}],"author":[{"embeddable":true,"href":"https:\/\/oli-decock.eu\/index.php?rest_route=\/wp\/v2\/users\/1"}],"replies":[{"embeddable":true,"href":"https:\/\/oli-decock.eu\/index.php?rest_route=%2Fwp%2Fv2%2Fcomments&post=439"}],"version-history":[{"count":93,"href":"https:\/\/oli-decock.eu\/index.php?rest_route=\/wp\/v2\/pages\/439\/revisions"}],"predecessor-version":[{"id":1497,"href":"https:\/\/oli-decock.eu\/index.php?rest_route=\/wp\/v2\/pages\/439\/revisions\/1497"}],"wp:attachment":[{"href":"https:\/\/oli-decock.eu\/index.php?rest_route=%2Fwp%2Fv2%2Fmedia&parent=439"}],"curies":[{"name":"wp","href":"https:\/\/api.w.org\/{rel}","templated":true}]}}