{"id":1184,"date":"2024-05-27T21:55:11","date_gmt":"2024-05-27T19:55:11","guid":{"rendered":"http:\/\/oli-decock.eu\/?page_id=1184"},"modified":"2024-05-27T21:55:20","modified_gmt":"2024-05-27T19:55:20","slug":"etude-des-soins-reconnectifs-de-william-a-tiller","status":"publish","type":"page","link":"https:\/\/oli-decock.eu\/?page_id=1184","title":{"rendered":"Etude des soins reconnectifs de William A. Tiller"},"content":{"rendered":"\t\t<div data-elementor-type=\"wp-page\" data-elementor-id=\"1184\" class=\"elementor elementor-1184\">\n\t\t\t\t<div class=\"elementor-element elementor-element-34743e7 e-flex e-con-boxed wpr-particle-no wpr-jarallax-no wpr-parallax-no wpr-sticky-section-no e-con e-parent\" data-id=\"34743e7\" data-element_type=\"container\" data-settings=\"{&quot;background_background&quot;:&quot;classic&quot;}\">\n\t\t\t\t\t<div class=\"e-con-inner\">\n\t\t<div class=\"elementor-element elementor-element-2c3156e1 e-con-full e-flex wpr-particle-no wpr-jarallax-no wpr-parallax-no wpr-sticky-section-no e-con e-child\" data-id=\"2c3156e1\" data-element_type=\"container\">\n\t\t\t\t<div class=\"elementor-element elementor-element-3d62e26 elementor-widget elementor-widget-heading\" data-id=\"3d62e26\" data-element_type=\"widget\" data-widget_type=\"heading.default\">\n\t\t\t\t<div class=\"elementor-widget-container\">\n\t\t\t<style>\/*! elementor - v3.21.0 - 26-05-2024 *\/\n.elementor-heading-title{padding:0;margin:0;line-height:1}.elementor-widget-heading .elementor-heading-title[class*=elementor-size-]>a{color:inherit;font-size:inherit;line-height:inherit}.elementor-widget-heading .elementor-heading-title.elementor-size-small{font-size:15px}.elementor-widget-heading .elementor-heading-title.elementor-size-medium{font-size:19px}.elementor-widget-heading .elementor-heading-title.elementor-size-large{font-size:29px}.elementor-widget-heading .elementor-heading-title.elementor-size-xl{font-size:39px}.elementor-widget-heading .elementor-heading-title.elementor-size-xxl{font-size:59px}<\/style><h1 class=\"elementor-heading-title elementor-size-default\">\u00c9tudes de William A. Tiller<\/h1>\t\t<\/div>\n\t\t\t\t<\/div>\n\t\t\t\t<\/div>\n\t\t\t\t\t<\/div>\n\t\t\t\t<\/div>\n\t\t<div class=\"elementor-element elementor-element-189539cc e-flex e-con-boxed wpr-particle-no wpr-jarallax-no wpr-parallax-no wpr-sticky-section-no e-con e-parent\" data-id=\"189539cc\" data-element_type=\"container\">\n\t\t\t\t\t<div class=\"e-con-inner\">\n\t\t\t\t<div class=\"elementor-element elementor-element-73e2cbee elementor-widget elementor-widget-text-editor\" data-id=\"73e2cbee\" data-element_type=\"widget\" data-widget_type=\"text-editor.default\">\n\t\t\t\t<div class=\"elementor-widget-container\">\n\t\t\t<style>\/*! elementor - v3.21.0 - 26-05-2024 *\/\n.elementor-widget-text-editor.elementor-drop-cap-view-stacked .elementor-drop-cap{background-color:#69727d;color:#fff}.elementor-widget-text-editor.elementor-drop-cap-view-framed .elementor-drop-cap{color:#69727d;border:3px solid;background-color:transparent}.elementor-widget-text-editor:not(.elementor-drop-cap-view-default) .elementor-drop-cap{margin-top:8px}.elementor-widget-text-editor:not(.elementor-drop-cap-view-default) .elementor-drop-cap-letter{width:1em;height:1em}.elementor-widget-text-editor .elementor-drop-cap{float:left;text-align:center;line-height:1;font-size:50px}.elementor-widget-text-editor .elementor-drop-cap-letter{display:inline-block}<\/style>\t\t\t\t<p>R\u00e9f\u00e9rences du Dr. William A. Tiller : Professeur \u00e9m\u00e9rite \u00e0 l&rsquo;Universit\u00e9 de Stanford, auteur de huit livres, 250 publications scientifiques et star du documentaire What The Bleep&#8230; ! ? Quatre de ses livres traitent de la science physio-\u00e9nerg\u00e9tique.<\/p>\t\t\t\t\t\t<\/div>\n\t\t\t\t<\/div>\n\t\t<div class=\"elementor-element elementor-element-1e2ce999 e-flex e-con-boxed wpr-particle-no wpr-jarallax-no wpr-parallax-no wpr-sticky-section-no e-con e-child\" data-id=\"1e2ce999\" data-element_type=\"container\">\n\t\t\t\t\t<div class=\"e-con-inner\">\n\t\t\t\t<div class=\"elementor-element elementor-element-1d74bec2 elementor-widget elementor-widget-heading\" data-id=\"1d74bec2\" data-element_type=\"widget\" data-widget_type=\"heading.default\">\n\t\t\t\t<div class=\"elementor-widget-container\">\n\t\t\t<h4 class=\"elementor-heading-title elementor-size-default\">\u00c9tude sur l'\u00e9nergie thermodynamique et \u00e9lectromagn\u00e9tique de l'environnement pendant le Soin Reconnectif<\/h4>\t\t<\/div>\n\t\t\t\t<\/div>\n\t\t\t\t<div class=\"elementor-element elementor-element-6b3ba0e7 elementor-widget elementor-widget-text-editor\" data-id=\"6b3ba0e7\" data-element_type=\"widget\" data-widget_type=\"text-editor.default\">\n\t\t\t\t<div class=\"elementor-widget-container\">\n\t\t\t\t\t\t\t<p>L&rsquo;\u00e9tude a examin\u00e9 comment les propri\u00e9t\u00e9s physiques d&rsquo;un espace ou d&rsquo;une pi\u00e8ce changent suite aux fr\u00e9quences du Soin Reconnectif rappel\u00e9es dans cet environnement. L&rsquo;\u00e9tude a \u00e9t\u00e9 men\u00e9e et reproduite lors des cours de Soin Reconnectif \u00e0 Sedona, Arizona en 2006, Los Angeles en 2007, 2008 et 2009. \u00c0 l&rsquo;aide d&rsquo;un \u00e9quipement appropri\u00e9 et d&rsquo;un \u00e9quipement de pointe, le Dr Tiller a mesur\u00e9 le changement d&rsquo;\u00e9nergie \u00e0 l&rsquo;int\u00e9rieur de la pi\u00e8ce avant, pendant et apr\u00e8s les s\u00e9minaires o\u00f9 les gens utilisaient r\u00e9ellement le Soin Reconnectif.<\/p>\t\t\t\t\t\t<\/div>\n\t\t\t\t<\/div>\n\t\t\t\t<div class=\"elementor-element elementor-element-5796abe elementor-widget elementor-widget-heading\" data-id=\"5796abe\" data-element_type=\"widget\" data-widget_type=\"heading.default\">\n\t\t\t\t<div class=\"elementor-widget-container\">\n\t\t\t<h5 class=\"elementor-heading-title elementor-size-default\">R\u00e9sultats :<\/h5>\t\t<\/div>\n\t\t\t\t<\/div>\n\t\t\t\t<div class=\"elementor-element elementor-element-237c7bc elementor-widget elementor-widget-text-editor\" data-id=\"237c7bc\" data-element_type=\"widget\" data-widget_type=\"text-editor.default\">\n\t\t\t\t<div class=\"elementor-widget-container\">\n\t\t\t\t\t\t\t<div class=\"framer-15napkz\" data-framer-component-type=\"RichTextContainer\"><p class=\"framer-text framer-styles-preset-21ogod\" data-styles-preset=\"xZndidUCt\">Il y a eu une augmentation incroyable de l&rsquo;exc\u00e8s d&rsquo;\u00e9nergie thermodynamique \u00e0 l&rsquo;int\u00e9rieur de la salle. Si l&rsquo;on compare les donn\u00e9es \u00e0 ce que l&rsquo;on verrait s&rsquo;il s&rsquo;agissait d&rsquo;une mesure d&rsquo;\u00e9nergie normale, la temp\u00e9rature de la pi\u00e8ce aurait d\u00fb augmenter de 300 degr\u00e9s centigrades ! Mais avec le Soin Reconnectif, alors que la temp\u00e9rature r\u00e9elle de la pi\u00e8ce ne change pas, la quantit\u00e9 d&rsquo;\u00e9nergie, de lumi\u00e8re et d&rsquo;information charge la pi\u00e8ce exactement comme mesur\u00e9 par Tiller. Tiller a \u00e9galement constat\u00e9 que l&rsquo;entropie diminue pendant le Soin Reconnectif, permettant \u00e0 la coh\u00e9rence de pr\u00e9valoir. L&rsquo;entropie est l&rsquo;\u00e9tat naturel de d\u00e9composition et de d\u00e9clin de tout ce qui est maintenu ensemble par une force, un effort d&rsquo;attention et de concentration. L&rsquo;entropie est \u00e0 l&rsquo;origine du vieillissement, du chaos, de la d\u00e9cadence et de la maladie. Ainsi, lorsque l&rsquo;entropie diminue (entropie n\u00e9gative), une plus grande coh\u00e9rence et un plus grand ordre sont pr\u00e9sents. De cette fa\u00e7on, la coh\u00e9rence pr\u00e9vaut et un nouvel \u00e9quilibre est alors \u00e9tabli dans le corps, l&rsquo;aidant \u00e0 se restaurer et \u00e0 rajeunir.<\/p><\/div>\t\t\t\t\t\t<\/div>\n\t\t\t\t<\/div>\n\t\t\t\t<div class=\"elementor-element elementor-element-15ff3cf elementor-widget elementor-widget-heading\" data-id=\"15ff3cf\" data-element_type=\"widget\" data-widget_type=\"heading.default\">\n\t\t\t\t<div class=\"elementor-widget-container\">\n\t\t\t<h5 class=\"elementor-heading-title elementor-size-default\">Commentaires :<\/h5>\t\t<\/div>\n\t\t\t\t<\/div>\n\t\t\t\t<div class=\"elementor-element elementor-element-6ff2c6b elementor-widget elementor-widget-text-editor\" data-id=\"6ff2c6b\" data-element_type=\"widget\" data-widget_type=\"text-editor.default\">\n\t\t\t\t<div class=\"elementor-widget-container\">\n\t\t\t\t\t\t\t<div class=\"framer-15napkz\" data-framer-component-type=\"RichTextContainer\"><p class=\"framer-text framer-styles-preset-21ogod\" data-styles-preset=\"xZndidUCt\">\u00ab\u00a0Les donn\u00e9es que nous avons recueillies \u00e9taient vraiment remarquables. Tout d&rsquo;abord, nous avons observ\u00e9 que lorsque nous avons commenc\u00e9 \u00e0 surveiller la pi\u00e8ce, c&rsquo;est-\u00e0-dire environ cinq heures avant que quiconque &#8211; y compris Eric Pearl, ou les membres de son personnel ou ses clients &#8211; n&rsquo;entre dans la pi\u00e8ce, nous avons mesur\u00e9 un \u00e9tat de sym\u00e9trie plus \u00e9lev\u00e9. Jauge par rapport \u00e0 une situation normale. C&rsquo;\u00e9tait d\u00e9j\u00e0 un environnement conditionn\u00e9 par ce qui serait fait plus tard ! On constate donc que quelque chose s&rsquo;est produit avant m\u00eame que les gens ne se soient r\u00e9unis dans cet espace. Cette pi\u00e8ce avait en quelque sorte \u00e9t\u00e9 pr\u00e9par\u00e9e de mani\u00e8re \u00e0 faciliter le travail des stagiaires avec les fr\u00e9quences. Ayant continu\u00e9 \u00e0 surveiller cet endroit, nous avons mesur\u00e9 que l&rsquo;augmentation de l&rsquo;\u00e9nergie apr\u00e8s deux jours \u00e9tait \u00e9norme !\u00a0\u00bb<\/p><p class=\"framer-text framer-styles-preset-21ogod\" data-styles-preset=\"xZndidUCt\">\u00ab\u00a0Ce changement d&rsquo;\u00e9nergie permet \u00e0 des \u00eatres humains normaux d&rsquo;entrer dans une pi\u00e8ce et d&rsquo;en sortir avec la capacit\u00e9 de gu\u00e9rir les autres et de se gu\u00e9rir eux-m\u00eames, quels que soient leurs ant\u00e9c\u00e9dents et leur formation. Les fr\u00e9quences du Soin Reconnectif apportent une soin bien sup\u00e9rieure \u00e0 celle observ\u00e9e jusqu&rsquo;\u00e0 pr\u00e9sent avec d&rsquo;autres techniques \u00e9nerg\u00e9tiques, transcendant le spectre normal de l&rsquo;\u00e9nergie, de la lumi\u00e8re et de l&rsquo;information.\u00a0\u00bb<\/p><p class=\"framer-text framer-styles-preset-21ogod\" data-styles-preset=\"xZndidUCt\">\u00ab\u00a0Il y a de nombreuses \u00e9nergies impliqu\u00e9es dans la Lumi\u00e8re. Il y a, bien s\u00fbr, la lumi\u00e8re \u00e9lectromagn\u00e9tique, que tout le monde conna\u00eet. Le niveau le plus grossier du corps humain est enti\u00e8rement constitu\u00e9 d&rsquo;\u00e9nergie \u00e9lectromagn\u00e9tique. Ainsi, la lumi\u00e8re peut \u00eatre utilis\u00e9e comme elle l&rsquo;est en m\u00e9decine \u00e9nerg\u00e9tique, notamment sur les points d&rsquo;acupuncture pour apporter syst\u00e9matiquement la soin au corps. Ou &#8211; poursuit le professeur Tiller &#8211; vous pouvez passer au niveau suivant&#8230; l&rsquo;\u00e9nergie magn\u00e9to\u00e9lectrique. Elle aussi se pr\u00e9sente sous forme de lumi\u00e8re. Et \u00e0 tous ces niveaux dimensionnels sup\u00e9rieurs, il y a une lumi\u00e8re qui est le syst\u00e8me de communication entre les aspects de la mati\u00e8re \u00e0 ce niveau de l&rsquo;\u00catre.\u00a0\u00bb<\/p><p class=\"framer-text framer-styles-preset-21ogod\" data-styles-preset=\"xZndidUCt\">\u00a0\u00bb Ainsi, m\u00eame lorsque Eric Pearl ou les autres instructeurs parlent de Soin Reconnectif, de nombreux types d&rsquo;\u00e9nergie et de lumi\u00e8re circulent \u00e0 travers le praticien et celui qui veut gu\u00e9rir. En d&rsquo;autres termes, ce dont nous parlons est quelque chose qui va bien au-del\u00e0 des syst\u00e8mes classiques de soins \u00e9nerg\u00e9tique et se situe dans un spectre plus large d&rsquo;\u00e9nergie, de lumi\u00e8re et d&rsquo;information.\u00a0\u00bb<\/p><\/div>\t\t\t\t\t\t<\/div>\n\t\t\t\t<\/div>\n\t\t\t\t\t<\/div>\n\t\t\t\t<\/div>\n\t\t\t\t\t<\/div>\n\t\t\t\t<\/div>\n\t\t\t\t<\/div>\n\t\t","protected":false},"excerpt":{"rendered":"<p>\u00c9tudes de William A. Tiller R\u00e9f\u00e9rences du Dr. William A. Tiller : Professeur \u00e9m\u00e9rite \u00e0 l&rsquo;Universit\u00e9 de Stanford, auteur de huit livres, 250 publications scientifiques et star du documentaire What The Bleep&#8230; ! ? Quatre de ses livres traitent de la science physio-\u00e9nerg\u00e9tique. \u00c9tude sur l&rsquo;\u00e9nergie thermodynamique et \u00e9lectromagn\u00e9tique de l&rsquo;environnement pendant le Soin Reconnectif L&rsquo;\u00e9tude a examin\u00e9 comment les propri\u00e9t\u00e9s physiques d&rsquo;un espace ou d&rsquo;une pi\u00e8ce changent suite aux fr\u00e9quences du Soin Reconnectif rappel\u00e9es dans cet environnement. L&rsquo;\u00e9tude a \u00e9t\u00e9 men\u00e9e et reproduite lors des cours de Soin Reconnectif \u00e0 Sedona, Arizona en 2006, Los Angeles en 2007, 2008 et 2009. \u00c0 l&rsquo;aide d&rsquo;un \u00e9quipement appropri\u00e9 et d&rsquo;un \u00e9quipement de pointe, le Dr Tiller a mesur\u00e9 le changement d&rsquo;\u00e9nergie \u00e0 l&rsquo;int\u00e9rieur de la pi\u00e8ce avant, pendant et apr\u00e8s les s\u00e9minaires o\u00f9 les gens utilisaient r\u00e9ellement le Soin Reconnectif. R\u00e9sultats : Il y a eu une augmentation incroyable de l&rsquo;exc\u00e8s d&rsquo;\u00e9nergie thermodynamique \u00e0 l&rsquo;int\u00e9rieur de la salle. Si l&rsquo;on compare les donn\u00e9es \u00e0 ce que l&rsquo;on verrait s&rsquo;il s&rsquo;agissait d&rsquo;une mesure d&rsquo;\u00e9nergie normale, la temp\u00e9rature de la pi\u00e8ce aurait d\u00fb augmenter de 300 degr\u00e9s centigrades ! Mais avec le Soin Reconnectif, alors que la temp\u00e9rature r\u00e9elle de la pi\u00e8ce ne change pas, la quantit\u00e9 d&rsquo;\u00e9nergie, de lumi\u00e8re et d&rsquo;information charge la pi\u00e8ce exactement comme mesur\u00e9 par Tiller. Tiller a \u00e9galement constat\u00e9 que l&rsquo;entropie diminue pendant le Soin Reconnectif, permettant \u00e0 la coh\u00e9rence de pr\u00e9valoir. L&rsquo;entropie est l&rsquo;\u00e9tat naturel de d\u00e9composition et de d\u00e9clin de tout ce qui est maintenu ensemble par une force, un effort d&rsquo;attention et de concentration. L&rsquo;entropie est \u00e0 l&rsquo;origine du vieillissement, du chaos, de la d\u00e9cadence et de la maladie. Ainsi, lorsque l&rsquo;entropie diminue (entropie n\u00e9gative), une plus grande coh\u00e9rence et un plus grand ordre sont pr\u00e9sents. De cette fa\u00e7on, la coh\u00e9rence pr\u00e9vaut et un nouvel \u00e9quilibre est alors \u00e9tabli dans le corps, l&rsquo;aidant \u00e0 se restaurer et \u00e0 rajeunir. Commentaires : \u00ab\u00a0Les donn\u00e9es que nous avons recueillies \u00e9taient vraiment remarquables. Tout d&rsquo;abord, nous avons observ\u00e9 que lorsque nous avons commenc\u00e9 \u00e0 surveiller la pi\u00e8ce, c&rsquo;est-\u00e0-dire environ cinq heures avant que quiconque &#8211; y compris Eric Pearl, ou les membres de son personnel ou ses clients &#8211; n&rsquo;entre dans la pi\u00e8ce, nous avons mesur\u00e9 un \u00e9tat de sym\u00e9trie plus \u00e9lev\u00e9. Jauge par rapport \u00e0 une situation normale. C&rsquo;\u00e9tait d\u00e9j\u00e0 un environnement conditionn\u00e9 par ce qui serait fait plus tard ! On constate donc que quelque chose s&rsquo;est produit avant m\u00eame que les gens ne se soient r\u00e9unis dans cet espace. Cette pi\u00e8ce avait en quelque sorte \u00e9t\u00e9 pr\u00e9par\u00e9e de mani\u00e8re \u00e0 faciliter le travail des stagiaires avec les fr\u00e9quences. Ayant continu\u00e9 \u00e0 surveiller cet endroit, nous avons mesur\u00e9 que l&rsquo;augmentation de l&rsquo;\u00e9nergie apr\u00e8s deux jours \u00e9tait \u00e9norme !\u00a0\u00bb \u00ab\u00a0Ce changement d&rsquo;\u00e9nergie permet \u00e0 des \u00eatres humains normaux d&rsquo;entrer dans une pi\u00e8ce et d&rsquo;en sortir avec la capacit\u00e9 de gu\u00e9rir les autres et de se gu\u00e9rir eux-m\u00eames, quels que soient leurs ant\u00e9c\u00e9dents et leur formation. Les fr\u00e9quences du Soin Reconnectif apportent une soin bien sup\u00e9rieure \u00e0 celle observ\u00e9e jusqu&rsquo;\u00e0 pr\u00e9sent avec d&rsquo;autres techniques \u00e9nerg\u00e9tiques, transcendant le spectre normal de l&rsquo;\u00e9nergie, de la lumi\u00e8re et de l&rsquo;information.\u00a0\u00bb \u00ab\u00a0Il y a de nombreuses \u00e9nergies impliqu\u00e9es dans la Lumi\u00e8re. Il y a, bien s\u00fbr, la lumi\u00e8re \u00e9lectromagn\u00e9tique, que tout le monde conna\u00eet. Le niveau le plus grossier du corps humain est enti\u00e8rement constitu\u00e9 d&rsquo;\u00e9nergie \u00e9lectromagn\u00e9tique. Ainsi, la lumi\u00e8re peut \u00eatre utilis\u00e9e comme elle l&rsquo;est en m\u00e9decine \u00e9nerg\u00e9tique, notamment sur les points d&rsquo;acupuncture pour apporter syst\u00e9matiquement la soin au corps. Ou &#8211; poursuit le professeur Tiller &#8211; vous pouvez passer au niveau suivant&#8230; l&rsquo;\u00e9nergie magn\u00e9to\u00e9lectrique. Elle aussi se pr\u00e9sente sous forme de lumi\u00e8re. Et \u00e0 tous ces niveaux dimensionnels sup\u00e9rieurs, il y a une lumi\u00e8re qui est le syst\u00e8me de communication entre les aspects de la mati\u00e8re \u00e0 ce niveau de l&rsquo;\u00catre.\u00a0\u00bb \u00a0\u00bb Ainsi, m\u00eame lorsque Eric Pearl ou les autres instructeurs parlent de Soin Reconnectif, de nombreux types d&rsquo;\u00e9nergie et de lumi\u00e8re circulent \u00e0 travers le praticien et celui qui veut gu\u00e9rir. En d&rsquo;autres termes, ce dont nous parlons est quelque chose qui va bien au-del\u00e0 des syst\u00e8mes classiques de soins \u00e9nerg\u00e9tique et se situe dans un spectre plus large d&rsquo;\u00e9nergie, de lumi\u00e8re et d&rsquo;information.\u00a0\u00bb<\/p>\n","protected":false},"author":1,"featured_media":0,"parent":0,"menu_order":0,"comment_status":"closed","ping_status":"closed","template":"elementor_canvas","meta":{"footnotes":""},"class_list":["post-1184","page","type-page","status-publish","hentry"],"_links":{"self":[{"href":"https:\/\/oli-decock.eu\/index.php?rest_route=\/wp\/v2\/pages\/1184","targetHints":{"allow":["GET"]}}],"collection":[{"href":"https:\/\/oli-decock.eu\/index.php?rest_route=\/wp\/v2\/pages"}],"about":[{"href":"https:\/\/oli-decock.eu\/index.php?rest_route=\/wp\/v2\/types\/page"}],"author":[{"embeddable":true,"href":"https:\/\/oli-decock.eu\/index.php?rest_route=\/wp\/v2\/users\/1"}],"replies":[{"embeddable":true,"href":"https:\/\/oli-decock.eu\/index.php?rest_route=%2Fwp%2Fv2%2Fcomments&post=1184"}],"version-history":[{"count":4,"href":"https:\/\/oli-decock.eu\/index.php?rest_route=\/wp\/v2\/pages\/1184\/revisions"}],"predecessor-version":[{"id":1188,"href":"https:\/\/oli-decock.eu\/index.php?rest_route=\/wp\/v2\/pages\/1184\/revisions\/1188"}],"wp:attachment":[{"href":"https:\/\/oli-decock.eu\/index.php?rest_route=%2Fwp%2Fv2%2Fmedia&parent=1184"}],"curies":[{"name":"wp","href":"https:\/\/api.w.org\/{rel}","templated":true}]}}