{"id":1179,"date":"2024-05-27T21:49:22","date_gmt":"2024-05-27T19:49:22","guid":{"rendered":"http:\/\/oli-decock.eu\/?page_id=1179"},"modified":"2024-05-27T21:51:34","modified_gmt":"2024-05-27T19:51:34","slug":"etude-des-soins-reconnectifs-de-g-rein","status":"publish","type":"page","link":"https:\/\/oli-decock.eu\/?page_id=1179","title":{"rendered":"Etude des soins reconnectifs de G. Rein"},"content":{"rendered":"\t\t<div data-elementor-type=\"wp-page\" data-elementor-id=\"1179\" class=\"elementor elementor-1179\">\n\t\t\t\t<div class=\"elementor-element elementor-element-46e00aa5 e-flex e-con-boxed wpr-particle-no wpr-jarallax-no wpr-parallax-no wpr-sticky-section-no e-con e-parent\" data-id=\"46e00aa5\" data-element_type=\"container\" data-settings=\"{&quot;background_background&quot;:&quot;classic&quot;}\">\n\t\t\t\t\t<div class=\"e-con-inner\">\n\t\t<div class=\"elementor-element elementor-element-19f97d2 e-con-full e-flex wpr-particle-no wpr-jarallax-no wpr-parallax-no wpr-sticky-section-no e-con e-child\" data-id=\"19f97d2\" data-element_type=\"container\">\n\t\t\t\t<div class=\"elementor-element elementor-element-5d035888 elementor-widget elementor-widget-heading\" data-id=\"5d035888\" data-element_type=\"widget\" data-widget_type=\"heading.default\">\n\t\t\t\t<div class=\"elementor-widget-container\">\n\t\t\t<style>\/*! elementor - v3.21.0 - 26-05-2024 *\/\n.elementor-heading-title{padding:0;margin:0;line-height:1}.elementor-widget-heading .elementor-heading-title[class*=elementor-size-]>a{color:inherit;font-size:inherit;line-height:inherit}.elementor-widget-heading .elementor-heading-title.elementor-size-small{font-size:15px}.elementor-widget-heading .elementor-heading-title.elementor-size-medium{font-size:19px}.elementor-widget-heading .elementor-heading-title.elementor-size-large{font-size:29px}.elementor-widget-heading .elementor-heading-title.elementor-size-xl{font-size:39px}.elementor-widget-heading .elementor-heading-title.elementor-size-xxl{font-size:59px}<\/style><h1 class=\"elementor-heading-title elementor-size-default\">\u00c9tude de Glen Rein<\/h1>\t\t<\/div>\n\t\t\t\t<\/div>\n\t\t\t\t<\/div>\n\t\t\t\t\t<\/div>\n\t\t\t\t<\/div>\n\t\t<div class=\"elementor-element elementor-element-27cccb87 e-flex e-con-boxed wpr-particle-no wpr-jarallax-no wpr-parallax-no wpr-sticky-section-no e-con e-parent\" data-id=\"27cccb87\" data-element_type=\"container\">\n\t\t\t\t\t<div class=\"e-con-inner\">\n\t\t\t\t<div class=\"elementor-element elementor-element-749cb66 elementor-widget elementor-widget-text-editor\" data-id=\"749cb66\" data-element_type=\"widget\" data-widget_type=\"text-editor.default\">\n\t\t\t\t<div class=\"elementor-widget-container\">\n\t\t\t<style>\/*! elementor - v3.21.0 - 26-05-2024 *\/\n.elementor-widget-text-editor.elementor-drop-cap-view-stacked .elementor-drop-cap{background-color:#69727d;color:#fff}.elementor-widget-text-editor.elementor-drop-cap-view-framed .elementor-drop-cap{color:#69727d;border:3px solid;background-color:transparent}.elementor-widget-text-editor:not(.elementor-drop-cap-view-default) .elementor-drop-cap{margin-top:8px}.elementor-widget-text-editor:not(.elementor-drop-cap-view-default) .elementor-drop-cap-letter{width:1em;height:1em}.elementor-widget-text-editor .elementor-drop-cap{float:left;text-align:center;line-height:1;font-size:50px}.elementor-widget-text-editor .elementor-drop-cap-letter{display:inline-block}<\/style>\t\t\t\t<p>R\u00e9f\u00e9rences du Dr. Glen Rein : Directeur, Quantum Biology Research Labs, NY. Scientifique principal senior \/ directeur chez Estee Lauder, chercheur scientifique au centre m\u00e9dical de l&rsquo;universit\u00e9 de Stanford, professeur adjoint \u00e0 l&rsquo;h\u00f4pital Mt. Sinai.<\/p>\t\t\t\t\t\t<\/div>\n\t\t\t\t<\/div>\n\t\t<div class=\"elementor-element elementor-element-456b9706 e-flex e-con-boxed wpr-particle-no wpr-jarallax-no wpr-parallax-no wpr-sticky-section-no e-con e-child\" data-id=\"456b9706\" data-element_type=\"container\">\n\t\t\t\t\t<div class=\"e-con-inner\">\n\t\t\t\t<div class=\"elementor-element elementor-element-4a5375dd elementor-widget elementor-widget-heading\" data-id=\"4a5375dd\" data-element_type=\"widget\" data-widget_type=\"heading.default\">\n\t\t\t\t<div class=\"elementor-widget-container\">\n\t\t\t<h4 class=\"elementor-heading-title elementor-size-default\">\u00c9tude de l'impact du soin reconnectif sur l'ADN humain<\/h4>\t\t<\/div>\n\t\t\t\t<\/div>\n\t\t\t\t<div class=\"elementor-element elementor-element-45f40d93 elementor-widget elementor-widget-text-editor\" data-id=\"45f40d93\" data-element_type=\"widget\" data-widget_type=\"text-editor.default\">\n\t\t\t\t<div class=\"elementor-widget-container\">\n\t\t\t\t\t\t\t<p>L&rsquo;\u00e9tude a \u00e9t\u00e9 con\u00e7ue pour \u00e9tablir l&rsquo;impact du Soin Reconnectif sur l&rsquo;ADN humain. Dans l&rsquo;exp\u00e9rience, l&rsquo;ADN a \u00e9t\u00e9 \u00ab\u00a0choqu\u00e9\u00a0\u00bb avec de la chaleur ou de l&rsquo;\u00e9lectricit\u00e9. Il \u00e9tait d\u00e9j\u00e0 connu que lorsqu&rsquo;il est stimul\u00e9 de cette mani\u00e8re, l&rsquo;ADN se \u00ab\u00a0d\u00e9roule\u00a0\u00bb. \u00c0 l&rsquo;aide d&rsquo;un spectro-photom\u00e8tre, Rein a soumis l&rsquo;ADN \u00e0 r\u00e9cup\u00e9rer \u00e0 diff\u00e9rentes formes de s\u00e9ances d&rsquo;\u00e9nergie : Reiki, Johrei, Jin Shin et Soin Reconnectif.<\/p>\t\t\t\t\t\t<\/div>\n\t\t\t\t<\/div>\n\t\t\t\t<div class=\"elementor-element elementor-element-1e6a4808 elementor-widget elementor-widget-heading\" data-id=\"1e6a4808\" data-element_type=\"widget\" data-widget_type=\"heading.default\">\n\t\t\t\t<div class=\"elementor-widget-container\">\n\t\t\t<h5 class=\"elementor-heading-title elementor-size-default\">R\u00e9sultats :<\/h5>\t\t<\/div>\n\t\t\t\t<\/div>\n\t\t\t\t<div class=\"elementor-element elementor-element-36c84af2 elementor-widget elementor-widget-text-editor\" data-id=\"36c84af2\" data-element_type=\"widget\" data-widget_type=\"text-editor.default\">\n\t\t\t\t<div class=\"elementor-widget-container\">\n\t\t\t\t\t\t\t<div class=\"framer-15napkz\" data-framer-component-type=\"RichTextContainer\"><p class=\"framer-text framer-styles-preset-21ogod\" data-styles-preset=\"xZndidUCt\">Avec le Reiki, Johrei, Jin Shi, l&rsquo;ADN s&rsquo;est rembobin\u00e9 plus lentement que la norme \u00e9tablie. Avec le Soin Reconnectif, il s&rsquo;est rembobin\u00e9 plus rapidement. De plus, sur l&rsquo;ADN soumis au Soin Reconnectif, il a \u00e9t\u00e9 clairement d\u00e9montr\u00e9 que cette forme de r\u00e9\u00e9quilibrage a effectivement corrig\u00e9 certains d\u00e9fauts inh\u00e9rents ou pr\u00e9existants dans l&rsquo;\u00e9chantillon d&rsquo;ADN. Cela confirme que le Soin Reconnectif est diff\u00e9rent et a un impact diff\u00e9rent sur le niveau d&rsquo;ADN des humains.<\/p><\/div>\t\t\t\t\t\t<\/div>\n\t\t\t\t<\/div>\n\t\t\t\t\t<\/div>\n\t\t\t\t<\/div>\n\t\t\t\t\t<\/div>\n\t\t\t\t<\/div>\n\t\t\t\t<\/div>\n\t\t","protected":false},"excerpt":{"rendered":"<p>\u00c9tude de Glen Rein R\u00e9f\u00e9rences du Dr. Glen Rein : Directeur, Quantum Biology Research Labs, NY. Scientifique principal senior \/ directeur chez Estee Lauder, chercheur scientifique au centre m\u00e9dical de l&rsquo;universit\u00e9 de Stanford, professeur adjoint \u00e0 l&rsquo;h\u00f4pital Mt. Sinai. \u00c9tude de l&rsquo;impact du soin reconnectif sur l&rsquo;ADN humain L&rsquo;\u00e9tude a \u00e9t\u00e9 con\u00e7ue pour \u00e9tablir l&rsquo;impact du Soin Reconnectif sur l&rsquo;ADN humain. Dans l&rsquo;exp\u00e9rience, l&rsquo;ADN a \u00e9t\u00e9 \u00ab\u00a0choqu\u00e9\u00a0\u00bb avec de la chaleur ou de l&rsquo;\u00e9lectricit\u00e9. Il \u00e9tait d\u00e9j\u00e0 connu que lorsqu&rsquo;il est stimul\u00e9 de cette mani\u00e8re, l&rsquo;ADN se \u00ab\u00a0d\u00e9roule\u00a0\u00bb. \u00c0 l&rsquo;aide d&rsquo;un spectro-photom\u00e8tre, Rein a soumis l&rsquo;ADN \u00e0 r\u00e9cup\u00e9rer \u00e0 diff\u00e9rentes formes de s\u00e9ances d&rsquo;\u00e9nergie : Reiki, Johrei, Jin Shin et Soin Reconnectif. R\u00e9sultats : Avec le Reiki, Johrei, Jin Shi, l&rsquo;ADN s&rsquo;est rembobin\u00e9 plus lentement que la norme \u00e9tablie. Avec le Soin Reconnectif, il s&rsquo;est rembobin\u00e9 plus rapidement. De plus, sur l&rsquo;ADN soumis au Soin Reconnectif, il a \u00e9t\u00e9 clairement d\u00e9montr\u00e9 que cette forme de r\u00e9\u00e9quilibrage a effectivement corrig\u00e9 certains d\u00e9fauts inh\u00e9rents ou pr\u00e9existants dans l&rsquo;\u00e9chantillon d&rsquo;ADN. Cela confirme que le Soin Reconnectif est diff\u00e9rent et a un impact diff\u00e9rent sur le niveau d&rsquo;ADN des humains.<\/p>\n","protected":false},"author":1,"featured_media":0,"parent":0,"menu_order":0,"comment_status":"closed","ping_status":"closed","template":"elementor_canvas","meta":{"footnotes":""},"class_list":["post-1179","page","type-page","status-publish","hentry"],"_links":{"self":[{"href":"https:\/\/oli-decock.eu\/index.php?rest_route=\/wp\/v2\/pages\/1179","targetHints":{"allow":["GET"]}}],"collection":[{"href":"https:\/\/oli-decock.eu\/index.php?rest_route=\/wp\/v2\/pages"}],"about":[{"href":"https:\/\/oli-decock.eu\/index.php?rest_route=\/wp\/v2\/types\/page"}],"author":[{"embeddable":true,"href":"https:\/\/oli-decock.eu\/index.php?rest_route=\/wp\/v2\/users\/1"}],"replies":[{"embeddable":true,"href":"https:\/\/oli-decock.eu\/index.php?rest_route=%2Fwp%2Fv2%2Fcomments&post=1179"}],"version-history":[{"count":4,"href":"https:\/\/oli-decock.eu\/index.php?rest_route=\/wp\/v2\/pages\/1179\/revisions"}],"predecessor-version":[{"id":1183,"href":"https:\/\/oli-decock.eu\/index.php?rest_route=\/wp\/v2\/pages\/1179\/revisions\/1183"}],"wp:attachment":[{"href":"https:\/\/oli-decock.eu\/index.php?rest_route=%2Fwp%2Fv2%2Fmedia&parent=1179"}],"curies":[{"name":"wp","href":"https:\/\/api.w.org\/{rel}","templated":true}]}}