{"id":1174,"date":"2024-05-27T21:43:22","date_gmt":"2024-05-27T19:43:22","guid":{"rendered":"http:\/\/oli-decock.eu\/?page_id=1174"},"modified":"2024-05-27T21:47:02","modified_gmt":"2024-05-27T19:47:02","slug":"etude-des-soins-reconnectifs-du-dr-konstantin-korotkov","status":"publish","type":"page","link":"https:\/\/oli-decock.eu\/?page_id=1174","title":{"rendered":"Etude des soins reconnectifs du Dr Konstantin Korotkov"},"content":{"rendered":"\t\t<div data-elementor-type=\"wp-page\" data-elementor-id=\"1174\" class=\"elementor elementor-1174\">\n\t\t\t\t<div class=\"elementor-element elementor-element-18164523 e-flex e-con-boxed wpr-particle-no wpr-jarallax-no wpr-parallax-no wpr-sticky-section-no e-con e-parent\" data-id=\"18164523\" data-element_type=\"container\" data-settings=\"{&quot;background_background&quot;:&quot;classic&quot;}\">\n\t\t\t\t\t<div class=\"e-con-inner\">\n\t\t<div class=\"elementor-element elementor-element-3ce8f8b0 e-con-full e-flex wpr-particle-no wpr-jarallax-no wpr-parallax-no wpr-sticky-section-no e-con e-child\" data-id=\"3ce8f8b0\" data-element_type=\"container\">\n\t\t\t\t<div class=\"elementor-element elementor-element-6401374e elementor-widget elementor-widget-heading\" data-id=\"6401374e\" data-element_type=\"widget\" data-widget_type=\"heading.default\">\n\t\t\t\t<div class=\"elementor-widget-container\">\n\t\t\t<style>\/*! elementor - v3.21.0 - 26-05-2024 *\/\n.elementor-heading-title{padding:0;margin:0;line-height:1}.elementor-widget-heading .elementor-heading-title[class*=elementor-size-]>a{color:inherit;font-size:inherit;line-height:inherit}.elementor-widget-heading .elementor-heading-title.elementor-size-small{font-size:15px}.elementor-widget-heading .elementor-heading-title.elementor-size-medium{font-size:19px}.elementor-widget-heading .elementor-heading-title.elementor-size-large{font-size:29px}.elementor-widget-heading .elementor-heading-title.elementor-size-xl{font-size:39px}.elementor-widget-heading .elementor-heading-title.elementor-size-xxl{font-size:59px}<\/style><h1 class=\"elementor-heading-title elementor-size-default\">\u00c9tude du Dr K. Korotkov<\/h1>\t\t<\/div>\n\t\t\t\t<\/div>\n\t\t\t\t<\/div>\n\t\t\t\t\t<\/div>\n\t\t\t\t<\/div>\n\t\t<div class=\"elementor-element elementor-element-16551e48 e-flex e-con-boxed wpr-particle-no wpr-jarallax-no wpr-parallax-no wpr-sticky-section-no e-con e-parent\" data-id=\"16551e48\" data-element_type=\"container\">\n\t\t\t\t\t<div class=\"e-con-inner\">\n\t\t\t\t<div class=\"elementor-element elementor-element-5b7e15b6 elementor-widget elementor-widget-text-editor\" data-id=\"5b7e15b6\" data-element_type=\"widget\" data-widget_type=\"text-editor.default\">\n\t\t\t\t<div class=\"elementor-widget-container\">\n\t\t\t<style>\/*! elementor - v3.21.0 - 26-05-2024 *\/\n.elementor-widget-text-editor.elementor-drop-cap-view-stacked .elementor-drop-cap{background-color:#69727d;color:#fff}.elementor-widget-text-editor.elementor-drop-cap-view-framed .elementor-drop-cap{color:#69727d;border:3px solid;background-color:transparent}.elementor-widget-text-editor:not(.elementor-drop-cap-view-default) .elementor-drop-cap{margin-top:8px}.elementor-widget-text-editor:not(.elementor-drop-cap-view-default) .elementor-drop-cap-letter{width:1em;height:1em}.elementor-widget-text-editor .elementor-drop-cap{float:left;text-align:center;line-height:1;font-size:50px}.elementor-widget-text-editor .elementor-drop-cap-letter{display:inline-block}<\/style>\t\t\t\t<p>R\u00e9f\u00e9rences du Dr. Konstantin Korotkov : Directeur adjoint de l&rsquo;Institut f\u00e9d\u00e9ral de recherche sur la culture physique. Professeur d&rsquo;informatique et de biophysique \u00e0 l&rsquo;universit\u00e9 f\u00e9d\u00e9rale de Saint-P\u00e9tersbourg pour les technologies de l&rsquo;information, la m\u00e9canique et l&rsquo;optique. Professeur de recherche \u00e0 l&rsquo;Acad\u00e9mie de culture physique de Saint-P\u00e9tersbourg. Pr\u00e9sident de l&rsquo;Union internationale de bio\u00e9lectrographie appliqu\u00e9e, membre du comit\u00e9 de r\u00e9daction du Journal of Alternative and Complementary Medicine et du Journal of Science on the effects of healing.<\/p>\t\t\t\t\t\t<\/div>\n\t\t\t\t<\/div>\n\t\t<div class=\"elementor-element elementor-element-6bad2e76 e-flex e-con-boxed wpr-particle-no wpr-jarallax-no wpr-parallax-no wpr-sticky-section-no e-con e-child\" data-id=\"6bad2e76\" data-element_type=\"container\">\n\t\t\t\t\t<div class=\"e-con-inner\">\n\t\t\t\t<div class=\"elementor-element elementor-element-6e60466c elementor-widget elementor-widget-heading\" data-id=\"6e60466c\" data-element_type=\"widget\" data-widget_type=\"heading.default\">\n\t\t\t\t<div class=\"elementor-widget-container\">\n\t\t\t<h4 class=\"elementor-heading-title elementor-size-default\">\u00c9tude sur les personnes recevant le soin reconnectif<\/h4>\t\t<\/div>\n\t\t\t\t<\/div>\n\t\t\t\t<div class=\"elementor-element elementor-element-70f5c3f2 elementor-widget elementor-widget-text-editor\" data-id=\"70f5c3f2\" data-element_type=\"widget\" data-widget_type=\"text-editor.default\">\n\t\t\t\t<div class=\"elementor-widget-container\">\n\t\t\t\t\t\t\t<p>L&rsquo;\u00e9tude a \u00e9t\u00e9 con\u00e7ue pour enregistrer les changements qui se produisent chez les personnes recevant le Soin Reconnectif. En juin 2010, deux instructeurs de Soin Reconnectif ont anim\u00e9 des s\u00e9ances sur 5 volontaires. Les \u00e9missions d&rsquo;\u00e9nergie des volontaires ont \u00e9t\u00e9 d\u00e9tect\u00e9es et mesur\u00e9es \u00e0 l&rsquo;aide de capteurs appliqu\u00e9s sur les doigts, avec un appareil sp\u00e9cial appel\u00e9 \u00ab\u00a0Electrophotonic Image Camera\u00a0\u00bb (EPC) du Dr Korotkov, avant et apr\u00e8s une s\u00e9ance. L&rsquo;\u00e9tude a \u00e9t\u00e9 men\u00e9e au si\u00e8ge de la Soci\u00e9t\u00e9 internationale pour l&rsquo;\u00e9tude des \u00e9nergies subtiles et la m\u00e9decine \u00e9nerg\u00e9tique (ISSSEEM) et a fait l&rsquo;objet d&rsquo;un examen par des experts, de recherches et de publications dans plusieurs articles de presse.<\/p>\t\t\t\t\t\t<\/div>\n\t\t\t\t<\/div>\n\t\t\t\t<div class=\"elementor-element elementor-element-512ed007 elementor-widget elementor-widget-heading\" data-id=\"512ed007\" data-element_type=\"widget\" data-widget_type=\"heading.default\">\n\t\t\t\t<div class=\"elementor-widget-container\">\n\t\t\t<h5 class=\"elementor-heading-title elementor-size-default\">R\u00e9sultats :<\/h5>\t\t<\/div>\n\t\t\t\t<\/div>\n\t\t\t\t<div class=\"elementor-element elementor-element-14bc48cf elementor-widget elementor-widget-text-editor\" data-id=\"14bc48cf\" data-element_type=\"widget\" data-widget_type=\"text-editor.default\">\n\t\t\t\t<div class=\"elementor-widget-container\">\n\t\t\t\t\t\t\t<div class=\"framer-15napkz\" data-framer-component-type=\"RichTextContainer\"><p class=\"framer-text framer-styles-preset-21ogod\" data-styles-preset=\"xZndidUCt\">Une augmentation de l&rsquo;\u00e9nergie a \u00e9t\u00e9 constat\u00e9e chez les cinq personnes, dont trois en particulier ont montr\u00e9 des changements significatifs. Les mesures d\u00e9montrent \u00e9galement la r\u00e9duction du processus d&rsquo;entropie, ce qui d\u00e9note une harmonisation significative des conditions des patients.<\/p><\/div>\t\t\t\t\t\t<\/div>\n\t\t\t\t<\/div>\n\t\t\t\t\t<\/div>\n\t\t\t\t<\/div>\n\t\t<div class=\"elementor-element elementor-element-23fd02c5 e-flex e-con-boxed wpr-particle-no wpr-jarallax-no wpr-parallax-no wpr-sticky-section-no e-con e-child\" data-id=\"23fd02c5\" data-element_type=\"container\">\n\t\t\t\t\t<div class=\"e-con-inner\">\n\t\t\t\t<div class=\"elementor-element elementor-element-1b82ce8f elementor-widget elementor-widget-heading\" data-id=\"1b82ce8f\" data-element_type=\"widget\" data-widget_type=\"heading.default\">\n\t\t\t\t<div class=\"elementor-widget-container\">\n\t\t\t<h4 class=\"elementor-heading-title elementor-size-default\">\u00c9tude sur les personnes interagissant avec les fr\u00e9quences du soin reconnectif<\/h4>\t\t<\/div>\n\t\t\t\t<\/div>\n\t\t\t\t<div class=\"elementor-element elementor-element-267eaade elementor-widget elementor-widget-text-editor\" data-id=\"267eaade\" data-element_type=\"widget\" data-widget_type=\"text-editor.default\">\n\t\t\t\t<div class=\"elementor-widget-container\">\n\t\t\t\t\t\t\t<p>Le soin reconnectif a \u00e9t\u00e9 enseign\u00e9 \u00e0 un groupe de m\u00e9decins, chercheurs, th\u00e9rapeutes et athl\u00e8tes olympiques en Russie. L&rsquo;\u00e9tude a consist\u00e9 en une formation simple de six heures et une interaction avec les fr\u00e9quences du Soin Reconnectif sur deux jours. Les param\u00e8tres ont \u00e9t\u00e9 mesur\u00e9s pour chaque participant avant, pendant et apr\u00e8s l&rsquo;exp\u00e9rience \u00e0 l&rsquo;aide de diverses m\u00e9thodologies, notamment l&rsquo;utilisation d&rsquo;appareils EPC, capables de mesurer le champ bio\u00e9nerg\u00e9tique entourant le corps de la personne.<\/p>\t\t\t\t\t\t<\/div>\n\t\t\t\t<\/div>\n\t\t\t\t<div class=\"elementor-element elementor-element-2baca4f elementor-widget elementor-widget-heading\" data-id=\"2baca4f\" data-element_type=\"widget\" data-widget_type=\"heading.default\">\n\t\t\t\t<div class=\"elementor-widget-container\">\n\t\t\t<h5 class=\"elementor-heading-title elementor-size-default\">R\u00e9sultats :<\/h5>\t\t<\/div>\n\t\t\t\t<\/div>\n\t\t\t\t<div class=\"elementor-element elementor-element-702a1257 elementor-widget elementor-widget-text-editor\" data-id=\"702a1257\" data-element_type=\"widget\" data-widget_type=\"text-editor.default\">\n\t\t\t\t<div class=\"elementor-widget-container\">\n\t\t\t\t\t\t\t<p>Les effets du Soin Reconnectif sur les athl\u00e8tes et leurs niveaux d&rsquo;\u00e9nergie \u00e9taient tr\u00e8s pertinents, selon le Prof. Korotkov. Tous les athl\u00e8tes et les sujets de test ont connu une augmentation spectaculaire de leurs niveaux d&rsquo;\u00e9nergie, avec une augmentation moyenne de plus de 22%. Les athl\u00e8tes ont d\u00e9clar\u00e9 qu&rsquo;ils pouvaient clairement ressentir les fr\u00e9quences et les bienfaits qu&rsquo;ils ressentaient dans leur corps. Un athl\u00e8te qui avait r\u00e9cemment subi un accident \u00e0 la jambe et qui ne pouvait marcher qu&rsquo;\u00e0 l&rsquo;aide de b\u00e9quilles, a \u00e9t\u00e9 capable de se lever du lit tout seul et de marcher sans l&rsquo;aide de celles-ci apr\u00e8s seulement deux s\u00e9ances et en ressentant tr\u00e8s peu de douleurs. Son m\u00e9decin, qui \u00e9tait pr\u00e9sent pendant l&rsquo;exp\u00e9rience, a de nouveau pass\u00e9 une radiographie de l&rsquo;athl\u00e8te et a \u00e9t\u00e9 surpris de constater que la fracture de l&rsquo;os \u00e9tait devenue une simple entorse.<\/p><p>\u00a0<\/p><p>Le Dr Korotkov d\u00e9clare : \u00ab\u00a0Malgr\u00e9 ma grande exp\u00e9rience dans le domaine des bio\u00e9nergies, les r\u00e9sultats ont \u00e9t\u00e9 exceptionnels et tr\u00e8s, tr\u00e8s diff\u00e9rents de tout ce que j&rsquo;ai pu observer.<\/p>\t\t\t\t\t\t<\/div>\n\t\t\t\t<\/div>\n\t\t\t\t\t<\/div>\n\t\t\t\t<\/div>\n\t\t<div class=\"elementor-element elementor-element-64058d9a e-flex e-con-boxed wpr-particle-no wpr-jarallax-no wpr-parallax-no wpr-sticky-section-no e-con e-child\" data-id=\"64058d9a\" data-element_type=\"container\">\n\t\t\t\t\t<div class=\"e-con-inner\">\n\t\t\t\t<div class=\"elementor-element elementor-element-51b06eb9 elementor-widget elementor-widget-heading\" data-id=\"51b06eb9\" data-element_type=\"widget\" data-widget_type=\"heading.default\">\n\t\t\t\t<div class=\"elementor-widget-container\">\n\t\t\t<h4 class=\"elementor-heading-title elementor-size-default\">\u00c9tude sur des athl\u00e8tes soumis au soin reconnectif <\/h4>\t\t<\/div>\n\t\t\t\t<\/div>\n\t\t\t\t<div class=\"elementor-element elementor-element-60a16300 elementor-widget elementor-widget-text-editor\" data-id=\"60a16300\" data-element_type=\"widget\" data-widget_type=\"text-editor.default\">\n\t\t\t\t<div class=\"elementor-widget-container\">\n\t\t\t\t\t\t\t<div data-framer-component-type=\"RichTextContainer\"><p>Un test en double aveugle a \u00e9t\u00e9 men\u00e9 sur un groupe de 40 personnes compos\u00e9 d&rsquo;athl\u00e8tes olympiques russes et d&rsquo;autres nations. Les athl\u00e8tes ont \u00e9t\u00e9 soumis \u00e0 des mesures de leur niveau d&rsquo;\u00e9nergie avant et apr\u00e8s l&rsquo;administration des fr\u00e9quences du Soin Reconnectif. Diff\u00e9rents param\u00e8tres ont \u00e9t\u00e9 mesur\u00e9s, notamment la fr\u00e9quence cardiaque, le rythme cardiaque, la r\u00e9serve d&rsquo;\u00e9nergie, le taux de r\u00e9cup\u00e9ration et les param\u00e8tres sanguins.<\/p><\/div>\t\t\t\t\t\t<\/div>\n\t\t\t\t<\/div>\n\t\t\t\t<div class=\"elementor-element elementor-element-70742f38 elementor-widget elementor-widget-heading\" data-id=\"70742f38\" data-element_type=\"widget\" data-widget_type=\"heading.default\">\n\t\t\t\t<div class=\"elementor-widget-container\">\n\t\t\t<h5 class=\"elementor-heading-title elementor-size-default\">R\u00e9sultats :<\/h5>\t\t<\/div>\n\t\t\t\t<\/div>\n\t\t\t\t<div class=\"elementor-element elementor-element-6c394d8 elementor-widget elementor-widget-text-editor\" data-id=\"6c394d8\" data-element_type=\"widget\" data-widget_type=\"text-editor.default\">\n\t\t\t\t<div class=\"elementor-widget-container\">\n\t\t\t\t\t\t\t<p>Les r\u00e9sultats ont montr\u00e9 que tous les participants ont eu un effet rapide et positif d\u00e8s le d\u00e9but. La moiti\u00e9 de ceux qui ont suivi les s\u00e9ances de Soin Reconnectif ont montr\u00e9 une augmentation significative des param\u00e8tres de leur niveau d&rsquo;\u00e9nergie, et dix jours plus tard, ces am\u00e9liorations \u00e9taient statistiquement encore plus significatives. Des \u00e9tudes ult\u00e9rieures ont montr\u00e9 une r\u00e9duction de la pression sanguine, une augmentation de l&rsquo;activit\u00e9 m\u00e9tabolique, immunitaire, d\u00e9toxifiante et antioxydante du corps, une am\u00e9lioration des fonctions cardiovasculaires ainsi que des modifications importantes et positives de l&rsquo;ADN.<\/p><p>\u00a0<\/p><p>Le Dr Korotkov d\u00e9clare : \u00ab\u00a0Cela souligne l&rsquo;effet durable du soin reconnectif et son importance pour le bien-\u00eatre et la pr\u00e9paration des athl\u00e8tes.\u00a0\u00bb<\/p>\t\t\t\t\t\t<\/div>\n\t\t\t\t<\/div>\n\t\t\t\t\t<\/div>\n\t\t\t\t<\/div>\n\t\t\t\t\t<\/div>\n\t\t\t\t<\/div>\n\t\t\t\t<\/div>\n\t\t","protected":false},"excerpt":{"rendered":"<p>\u00c9tude du Dr K. Korotkov R\u00e9f\u00e9rences du Dr. Konstantin Korotkov : Directeur adjoint de l&rsquo;Institut f\u00e9d\u00e9ral de recherche sur la culture physique. Professeur d&rsquo;informatique et de biophysique \u00e0 l&rsquo;universit\u00e9 f\u00e9d\u00e9rale de Saint-P\u00e9tersbourg pour les technologies de l&rsquo;information, la m\u00e9canique et l&rsquo;optique. Professeur de recherche \u00e0 l&rsquo;Acad\u00e9mie de culture physique de Saint-P\u00e9tersbourg. Pr\u00e9sident de l&rsquo;Union internationale de bio\u00e9lectrographie appliqu\u00e9e, membre du comit\u00e9 de r\u00e9daction du Journal of Alternative and Complementary Medicine et du Journal of Science on the effects of healing. \u00c9tude sur les personnes recevant le soin reconnectif L&rsquo;\u00e9tude a \u00e9t\u00e9 con\u00e7ue pour enregistrer les changements qui se produisent chez les personnes recevant le Soin Reconnectif. En juin 2010, deux instructeurs de Soin Reconnectif ont anim\u00e9 des s\u00e9ances sur 5 volontaires. Les \u00e9missions d&rsquo;\u00e9nergie des volontaires ont \u00e9t\u00e9 d\u00e9tect\u00e9es et mesur\u00e9es \u00e0 l&rsquo;aide de capteurs appliqu\u00e9s sur les doigts, avec un appareil sp\u00e9cial appel\u00e9 \u00ab\u00a0Electrophotonic Image Camera\u00a0\u00bb (EPC) du Dr Korotkov, avant et apr\u00e8s une s\u00e9ance. L&rsquo;\u00e9tude a \u00e9t\u00e9 men\u00e9e au si\u00e8ge de la Soci\u00e9t\u00e9 internationale pour l&rsquo;\u00e9tude des \u00e9nergies subtiles et la m\u00e9decine \u00e9nerg\u00e9tique (ISSSEEM) et a fait l&rsquo;objet d&rsquo;un examen par des experts, de recherches et de publications dans plusieurs articles de presse. R\u00e9sultats : Une augmentation de l&rsquo;\u00e9nergie a \u00e9t\u00e9 constat\u00e9e chez les cinq personnes, dont trois en particulier ont montr\u00e9 des changements significatifs. Les mesures d\u00e9montrent \u00e9galement la r\u00e9duction du processus d&rsquo;entropie, ce qui d\u00e9note une harmonisation significative des conditions des patients. \u00c9tude sur les personnes interagissant avec les fr\u00e9quences du soin reconnectif Le soin reconnectif a \u00e9t\u00e9 enseign\u00e9 \u00e0 un groupe de m\u00e9decins, chercheurs, th\u00e9rapeutes et athl\u00e8tes olympiques en Russie. L&rsquo;\u00e9tude a consist\u00e9 en une formation simple de six heures et une interaction avec les fr\u00e9quences du Soin Reconnectif sur deux jours. Les param\u00e8tres ont \u00e9t\u00e9 mesur\u00e9s pour chaque participant avant, pendant et apr\u00e8s l&rsquo;exp\u00e9rience \u00e0 l&rsquo;aide de diverses m\u00e9thodologies, notamment l&rsquo;utilisation d&rsquo;appareils EPC, capables de mesurer le champ bio\u00e9nerg\u00e9tique entourant le corps de la personne. R\u00e9sultats : Les effets du Soin Reconnectif sur les athl\u00e8tes et leurs niveaux d&rsquo;\u00e9nergie \u00e9taient tr\u00e8s pertinents, selon le Prof. Korotkov. Tous les athl\u00e8tes et les sujets de test ont connu une augmentation spectaculaire de leurs niveaux d&rsquo;\u00e9nergie, avec une augmentation moyenne de plus de 22%. Les athl\u00e8tes ont d\u00e9clar\u00e9 qu&rsquo;ils pouvaient clairement ressentir les fr\u00e9quences et les bienfaits qu&rsquo;ils ressentaient dans leur corps. Un athl\u00e8te qui avait r\u00e9cemment subi un accident \u00e0 la jambe et qui ne pouvait marcher qu&rsquo;\u00e0 l&rsquo;aide de b\u00e9quilles, a \u00e9t\u00e9 capable de se lever du lit tout seul et de marcher sans l&rsquo;aide de celles-ci apr\u00e8s seulement deux s\u00e9ances et en ressentant tr\u00e8s peu de douleurs. Son m\u00e9decin, qui \u00e9tait pr\u00e9sent pendant l&rsquo;exp\u00e9rience, a de nouveau pass\u00e9 une radiographie de l&rsquo;athl\u00e8te et a \u00e9t\u00e9 surpris de constater que la fracture de l&rsquo;os \u00e9tait devenue une simple entorse. \u00a0 Le Dr Korotkov d\u00e9clare : \u00ab\u00a0Malgr\u00e9 ma grande exp\u00e9rience dans le domaine des bio\u00e9nergies, les r\u00e9sultats ont \u00e9t\u00e9 exceptionnels et tr\u00e8s, tr\u00e8s diff\u00e9rents de tout ce que j&rsquo;ai pu observer. \u00c9tude sur des athl\u00e8tes soumis au soin reconnectif Un test en double aveugle a \u00e9t\u00e9 men\u00e9 sur un groupe de 40 personnes compos\u00e9 d&rsquo;athl\u00e8tes olympiques russes et d&rsquo;autres nations. Les athl\u00e8tes ont \u00e9t\u00e9 soumis \u00e0 des mesures de leur niveau d&rsquo;\u00e9nergie avant et apr\u00e8s l&rsquo;administration des fr\u00e9quences du Soin Reconnectif. Diff\u00e9rents param\u00e8tres ont \u00e9t\u00e9 mesur\u00e9s, notamment la fr\u00e9quence cardiaque, le rythme cardiaque, la r\u00e9serve d&rsquo;\u00e9nergie, le taux de r\u00e9cup\u00e9ration et les param\u00e8tres sanguins. R\u00e9sultats : Les r\u00e9sultats ont montr\u00e9 que tous les participants ont eu un effet rapide et positif d\u00e8s le d\u00e9but. La moiti\u00e9 de ceux qui ont suivi les s\u00e9ances de Soin Reconnectif ont montr\u00e9 une augmentation significative des param\u00e8tres de leur niveau d&rsquo;\u00e9nergie, et dix jours plus tard, ces am\u00e9liorations \u00e9taient statistiquement encore plus significatives. Des \u00e9tudes ult\u00e9rieures ont montr\u00e9 une r\u00e9duction de la pression sanguine, une augmentation de l&rsquo;activit\u00e9 m\u00e9tabolique, immunitaire, d\u00e9toxifiante et antioxydante du corps, une am\u00e9lioration des fonctions cardiovasculaires ainsi que des modifications importantes et positives de l&rsquo;ADN. \u00a0 Le Dr Korotkov d\u00e9clare : \u00ab\u00a0Cela souligne l&rsquo;effet durable du soin reconnectif et son importance pour le bien-\u00eatre et la pr\u00e9paration des athl\u00e8tes.\u00a0\u00bb<\/p>\n","protected":false},"author":1,"featured_media":0,"parent":0,"menu_order":0,"comment_status":"closed","ping_status":"closed","template":"elementor_canvas","meta":{"footnotes":""},"class_list":["post-1174","page","type-page","status-publish","hentry"],"_links":{"self":[{"href":"https:\/\/oli-decock.eu\/index.php?rest_route=\/wp\/v2\/pages\/1174","targetHints":{"allow":["GET"]}}],"collection":[{"href":"https:\/\/oli-decock.eu\/index.php?rest_route=\/wp\/v2\/pages"}],"about":[{"href":"https:\/\/oli-decock.eu\/index.php?rest_route=\/wp\/v2\/types\/page"}],"author":[{"embeddable":true,"href":"https:\/\/oli-decock.eu\/index.php?rest_route=\/wp\/v2\/users\/1"}],"replies":[{"embeddable":true,"href":"https:\/\/oli-decock.eu\/index.php?rest_route=%2Fwp%2Fv2%2Fcomments&post=1174"}],"version-history":[{"count":4,"href":"https:\/\/oli-decock.eu\/index.php?rest_route=\/wp\/v2\/pages\/1174\/revisions"}],"predecessor-version":[{"id":1178,"href":"https:\/\/oli-decock.eu\/index.php?rest_route=\/wp\/v2\/pages\/1174\/revisions\/1178"}],"wp:attachment":[{"href":"https:\/\/oli-decock.eu\/index.php?rest_route=%2Fwp%2Fv2%2Fmedia&parent=1174"}],"curies":[{"name":"wp","href":"https:\/\/api.w.org\/{rel}","templated":true}]}}