{"id":1155,"date":"2024-05-27T21:16:03","date_gmt":"2024-05-27T19:16:03","guid":{"rendered":"http:\/\/oli-decock.eu\/?page_id=1155"},"modified":"2024-05-27T21:33:12","modified_gmt":"2024-05-27T19:33:12","slug":"etude-des-soins-reconnectifs-de-g-schwartz-et-l-g-s-russek","status":"publish","type":"page","link":"https:\/\/oli-decock.eu\/?page_id=1155","title":{"rendered":"Etude des soins reconnectifs de G. Schwartz et L. G.S. Russek"},"content":{"rendered":"\t\t<div data-elementor-type=\"wp-page\" data-elementor-id=\"1155\" class=\"elementor elementor-1155\">\n\t\t\t\t<div class=\"elementor-element elementor-element-a6feeb4 e-flex e-con-boxed wpr-particle-no wpr-jarallax-no wpr-parallax-no wpr-sticky-section-no e-con e-parent\" data-id=\"a6feeb4\" data-element_type=\"container\" data-settings=\"{&quot;background_background&quot;:&quot;classic&quot;}\">\n\t\t\t\t\t<div class=\"e-con-inner\">\n\t\t<div class=\"elementor-element elementor-element-3b48bef7 e-con-full e-flex wpr-particle-no wpr-jarallax-no wpr-parallax-no wpr-sticky-section-no e-con e-child\" data-id=\"3b48bef7\" data-element_type=\"container\">\n\t\t\t\t<div class=\"elementor-element elementor-element-8a3a4d2 elementor-widget elementor-widget-heading\" data-id=\"8a3a4d2\" data-element_type=\"widget\" data-widget_type=\"heading.default\">\n\t\t\t\t<div class=\"elementor-widget-container\">\n\t\t\t<style>\/*! elementor - v3.21.0 - 26-05-2024 *\/\n.elementor-heading-title{padding:0;margin:0;line-height:1}.elementor-widget-heading .elementor-heading-title[class*=elementor-size-]>a{color:inherit;font-size:inherit;line-height:inherit}.elementor-widget-heading .elementor-heading-title.elementor-size-small{font-size:15px}.elementor-widget-heading .elementor-heading-title.elementor-size-medium{font-size:19px}.elementor-widget-heading .elementor-heading-title.elementor-size-large{font-size:29px}.elementor-widget-heading .elementor-heading-title.elementor-size-xl{font-size:39px}.elementor-widget-heading .elementor-heading-title.elementor-size-xxl{font-size:59px}<\/style><h1 class=\"elementor-heading-title elementor-size-default\">\u00c9tude de G.Schwartz et L. Russek<\/h1>\t\t<\/div>\n\t\t\t\t<\/div>\n\t\t\t\t<\/div>\n\t\t\t\t\t<\/div>\n\t\t\t\t<\/div>\n\t\t<div class=\"elementor-element elementor-element-8463629 e-flex e-con-boxed wpr-particle-no wpr-jarallax-no wpr-parallax-no wpr-sticky-section-no e-con e-parent\" data-id=\"8463629\" data-element_type=\"container\">\n\t\t\t\t\t<div class=\"e-con-inner\">\n\t\t\t\t<div class=\"elementor-element elementor-element-1486e027 elementor-widget elementor-widget-text-editor\" data-id=\"1486e027\" data-element_type=\"widget\" data-widget_type=\"text-editor.default\">\n\t\t\t\t<div class=\"elementor-widget-container\">\n\t\t\t<style>\/*! elementor - v3.21.0 - 26-05-2024 *\/\n.elementor-widget-text-editor.elementor-drop-cap-view-stacked .elementor-drop-cap{background-color:#69727d;color:#fff}.elementor-widget-text-editor.elementor-drop-cap-view-framed .elementor-drop-cap{color:#69727d;border:3px solid;background-color:transparent}.elementor-widget-text-editor:not(.elementor-drop-cap-view-default) .elementor-drop-cap{margin-top:8px}.elementor-widget-text-editor:not(.elementor-drop-cap-view-default) .elementor-drop-cap-letter{width:1em;height:1em}.elementor-widget-text-editor .elementor-drop-cap{float:left;text-align:center;line-height:1;font-size:50px}.elementor-widget-text-editor .elementor-drop-cap-letter{display:inline-block}<\/style>\t\t\t\t<p>R\u00e9f\u00e9rences de Gary Schwartz, Ph.D. : Doyen des facult\u00e9s de m\u00e9decine, de neurologie, de psychiatrie, de psychologie et de chirurgie ; directeur du Laboratory for the Advances in Consciousness and Health \u00e0 l&rsquo;Universit\u00e9 d&rsquo;Arizona. Ancien directeur du Human Energy Systems Laboratory. Docteur de l&rsquo;universit\u00e9 de Harvard en 1971, professeur adjoint de psychologie \u00e0 Harvard jusqu&rsquo;en 1976 ; professeur de psychologie et de psychiatrie \u00e0 l&rsquo;universit\u00e9 de Yale et directeur du Yale Center for Psychophysiology. Codirecteur de la Yale Behavioral Medicine Clinic.<\/p>\t\t\t\t\t\t<\/div>\n\t\t\t\t<\/div>\n\t\t<div class=\"elementor-element elementor-element-f914688 e-flex e-con-boxed wpr-particle-no wpr-jarallax-no wpr-parallax-no wpr-sticky-section-no e-con e-child\" data-id=\"f914688\" data-element_type=\"container\">\n\t\t\t\t\t<div class=\"e-con-inner\">\n\t\t\t\t<div class=\"elementor-element elementor-element-e7f59db elementor-widget elementor-widget-heading\" data-id=\"e7f59db\" data-element_type=\"widget\" data-widget_type=\"heading.default\">\n\t\t\t\t<div class=\"elementor-widget-container\">\n\t\t\t<h4 class=\"elementor-heading-title elementor-size-default\">Premi\u00e8re \u00e9tude sur les praticiens de soin reconnectif<\/h4>\t\t<\/div>\n\t\t\t\t<\/div>\n\t\t\t\t<div class=\"elementor-element elementor-element-f86f59c elementor-widget elementor-widget-text-editor\" data-id=\"f86f59c\" data-element_type=\"widget\" data-widget_type=\"text-editor.default\">\n\t\t\t\t<div class=\"elementor-widget-container\">\n\t\t\t\t\t\t\t<p>Le Human Energy Systems Laboratory de l&rsquo;universit\u00e9 d&rsquo;Arizona a men\u00e9 une s\u00e9rie d&rsquo;\u00e9tudes minutieuses et d&rsquo;exp\u00e9riences scientifiquement contr\u00f4l\u00e9es avec le Dr Pearl et d&rsquo;autres praticiens de soin reconnectif afin de d\u00e9terminer si l&rsquo;\u00e9nergie reconnective est quelque chose de r\u00e9el et de mesurable en laboratoire. Pendant ces tests, le Dr Pearl et certains de ses \u00e9tudiants ont jou\u00e9 le r\u00f4le de diffuseurs tandis que des volontaires recevaient les fr\u00e9quences.<\/p>\t\t\t\t\t\t<\/div>\n\t\t\t\t<\/div>\n\t\t\t\t<div class=\"elementor-element elementor-element-6a89ee9 elementor-widget elementor-widget-heading\" data-id=\"6a89ee9\" data-element_type=\"widget\" data-widget_type=\"heading.default\">\n\t\t\t\t<div class=\"elementor-widget-container\">\n\t\t\t<h5 class=\"elementor-heading-title elementor-size-default\">R\u00e9sultats :<\/h5>\t\t<\/div>\n\t\t\t\t<\/div>\n\t\t\t\t<div class=\"elementor-element elementor-element-085d096 elementor-widget elementor-widget-text-editor\" data-id=\"085d096\" data-element_type=\"widget\" data-widget_type=\"text-editor.default\">\n\t\t\t\t<div class=\"elementor-widget-container\">\n\t\t\t\t\t\t\t<div class=\"framer-15napkz\" data-framer-component-type=\"RichTextContainer\"><p class=\"framer-text framer-styles-preset-21ogod\" data-styles-preset=\"xZndidUCt\">Le premier test a montr\u00e9 que des volontaires aux yeux band\u00e9s pouvaient ressentir les fr\u00e9quences et l&rsquo;\u00e9nergie pendant une p\u00e9riode de temps d\u00e9passant 83%. Le deuxi\u00e8me a d\u00e9montr\u00e9 que l&rsquo;\u00e9nergie fonctionne \u00e9galement comme un signal \u00e9lectromagn\u00e9tique. La troisi\u00e8me a montr\u00e9 comment le rythme cardiaque, mesur\u00e9 par un \u00e9lectrocardiogramme (ECG), se synchronise avec les ondes c\u00e9r\u00e9brales du receveur, mesur\u00e9es par un \u00e9lectroenc\u00e9phalogramme (EEG). Le r\u00e9sultat le plus significatif de la troisi\u00e8me exp\u00e9rience est le fait que, que le destinataire soit conscient ou non de recevoir de l&rsquo;\u00e9nergie, le cerveau pr\u00e9sente les m\u00eames r\u00e9ponses. On peut donc dire que le cerveau r\u00e9agit inconsciemment et d\u00e9tecte l&rsquo;\u00e9nergie de la m\u00eame mani\u00e8re, sans avoir besoin de pens\u00e9es, de foi, d&rsquo;espoir ou de croyances.<\/p><\/div>\t\t\t\t\t\t<\/div>\n\t\t\t\t<\/div>\n\t\t\t\t\t<\/div>\n\t\t\t\t<\/div>\n\t\t<div class=\"elementor-element elementor-element-6bf5cd7 e-flex e-con-boxed wpr-particle-no wpr-jarallax-no wpr-parallax-no wpr-sticky-section-no e-con e-child\" data-id=\"6bf5cd7\" data-element_type=\"container\">\n\t\t\t\t\t<div class=\"e-con-inner\">\n\t\t\t\t<div class=\"elementor-element elementor-element-23d97ef elementor-widget elementor-widget-heading\" data-id=\"23d97ef\" data-element_type=\"widget\" data-widget_type=\"heading.default\">\n\t\t\t\t<div class=\"elementor-widget-container\">\n\t\t\t<h4 class=\"elementor-heading-title elementor-size-default\">\u00c9tudes sur les participants aux cours de soin reconnectif<\/h4>\t\t<\/div>\n\t\t\t\t<\/div>\n\t\t\t\t<div class=\"elementor-element elementor-element-4696bd0 elementor-widget elementor-widget-text-editor\" data-id=\"4696bd0\" data-element_type=\"widget\" data-widget_type=\"text-editor.default\">\n\t\t\t\t<div class=\"elementor-widget-container\">\n\t\t\t\t\t\t\t<p>Le Dr Schwartz et ses coll\u00e8gues ont men\u00e9 des \u00e9tudes de base sur le niveau d&rsquo;\u00e9nergie, \u00e0 la fois dans le laboratoire du Dr Schwarz et \u00e0 l&rsquo;Universit\u00e9 d&rsquo;Arizona. Ces \u00e9tudes ont mesur\u00e9 la capacit\u00e9 des personnes \u00e0 travailler avec des fr\u00e9quences, \u00e0 les entendre, \u00e0 les transmettre, \u00e0 recevoir de la lumi\u00e8re et d&rsquo;autres fr\u00e9quences \u00e9lectromagn\u00e9tiques avant et apr\u00e8s avoir suivi des cours de formation.<\/p>\t\t\t\t\t\t<\/div>\n\t\t\t\t<\/div>\n\t\t\t\t<div class=\"elementor-element elementor-element-6714a11 elementor-widget elementor-widget-heading\" data-id=\"6714a11\" data-element_type=\"widget\" data-widget_type=\"heading.default\">\n\t\t\t\t<div class=\"elementor-widget-container\">\n\t\t\t<h5 class=\"elementor-heading-title elementor-size-default\">R\u00e9sultats :<\/h5>\t\t<\/div>\n\t\t\t\t<\/div>\n\t\t\t\t<div class=\"elementor-element elementor-element-309f3be elementor-widget elementor-widget-text-editor\" data-id=\"309f3be\" data-element_type=\"widget\" data-widget_type=\"text-editor.default\">\n\t\t\t\t<div class=\"elementor-widget-container\">\n\t\t\t\t\t\t\t<p>Ce qui a \u00e9t\u00e9 d\u00e9couvert est exceptionnel. La plupart des cent et plus personnes qui ont particip\u00e9 \u00e0 l&rsquo;\u00e9tude ont augment\u00e9 et \u00e9largi de fa\u00e7on permanente leur champ \u00e9lectromagn\u00e9tique et acquis de nouvelles comp\u00e9tences \u00e9lectromagn\u00e9tiques simplement en suivant les s\u00e9minaires de Soin Reconnectif, que les participants aient ou non d\u00e9j\u00e0 \u00e9tudi\u00e9 les techniques de soin. soin, qu&rsquo;ils soient d\u00e9j\u00e0 enseignants ou ma\u00eetres de diverses autres m\u00e9thodes de soin \u00e9nerg\u00e9tique connues aujourd&rsquo;hui. Tous ces sujets ont consid\u00e9rablement augment\u00e9 leur niveau d&rsquo;\u00e9nergie en acc\u00e9dant \u00e0 d&rsquo;autres nouveaux niveaux.<\/p>\t\t\t\t\t\t<\/div>\n\t\t\t\t<\/div>\n\t\t\t\t\t<\/div>\n\t\t\t\t<\/div>\n\t\t<div class=\"elementor-element elementor-element-33dd51b e-flex e-con-boxed wpr-particle-no wpr-jarallax-no wpr-parallax-no wpr-sticky-section-no e-con e-child\" data-id=\"33dd51b\" data-element_type=\"container\">\n\t\t\t\t\t<div class=\"e-con-inner\">\n\t\t\t\t<div class=\"elementor-element elementor-element-7f40c8c elementor-widget elementor-widget-heading\" data-id=\"7f40c8c\" data-element_type=\"widget\" data-widget_type=\"heading.default\">\n\t\t\t\t<div class=\"elementor-widget-container\">\n\t\t\t<h4 class=\"elementor-heading-title elementor-size-default\">Deuxi\u00e8me \u00e9tude sur les praticiens de Soin Reconnectif<\/h4>\t\t<\/div>\n\t\t\t\t<\/div>\n\t\t\t\t<div class=\"elementor-element elementor-element-4320ffe elementor-widget elementor-widget-text-editor\" data-id=\"4320ffe\" data-element_type=\"widget\" data-widget_type=\"text-editor.default\">\n\t\t\t\t<div class=\"elementor-widget-container\">\n\t\t\t\t\t\t\t<div class=\"framer-1lyyilc\" data-framer-component-type=\"RichTextContainer\"><p class=\"framer-text framer-styles-preset-21ogod\" data-styles-preset=\"xZndidUCt\">En utilisant l&rsquo;outil Profusion Laser, l&rsquo;\u00e9tude se concentre sur l&rsquo;observation de la variation du rythme cardiaque chez les praticiens de Soin Reconnectif, en les comparant avec les mesures des \u00e9tudes pr\u00e9c\u00e9dentes sur des sujets en m\u00e9ditation, des grands ma\u00eetres de Qi Gong, des ma\u00eetres de Reiki et des experts en arts martiaux.<\/p><\/div>\t\t\t\t\t\t<\/div>\n\t\t\t\t<\/div>\n\t\t\t\t<div class=\"elementor-element elementor-element-d839e51 elementor-widget elementor-widget-heading\" data-id=\"d839e51\" data-element_type=\"widget\" data-widget_type=\"heading.default\">\n\t\t\t\t<div class=\"elementor-widget-container\">\n\t\t\t<h5 class=\"elementor-heading-title elementor-size-default\">R\u00e9sultats :<\/h5>\t\t<\/div>\n\t\t\t\t<\/div>\n\t\t\t\t<div class=\"elementor-element elementor-element-0908abb elementor-widget elementor-widget-text-editor\" data-id=\"0908abb\" data-element_type=\"widget\" data-widget_type=\"text-editor.default\">\n\t\t\t\t<div class=\"elementor-widget-container\">\n\t\t\t\t\t\t\t<p>Pendant les s\u00e9ances, les praticiens de soin reconnectif et les personnes trait\u00e9es sont clairement entr\u00e9s dans un \u00e9tat de r\u00e9\u00e9quilibrage acc\u00e9l\u00e9r\u00e9. L&rsquo;op\u00e9rateur exp\u00e9rimente un \u00e9tat dans lequel le cerveau et le c\u0153ur changent radicalement d&rsquo;activit\u00e9. Cet \u00e9tat, appel\u00e9 \u00ab\u00a0Quiescence \u00e9motionnelle\u00a0\u00bb, est associ\u00e9 \u00e0 une conscience extr\u00eame, un sentiment de paix profonde, une connexion avec le champ universel et la capacit\u00e9 de percevoir \u00e0 des niveaux sup\u00e9rieurs. Cela d\u00e9passe de loin tout autre \u00e9tat observ\u00e9 avec d&rsquo;autres sources d&rsquo;\u00e9nergie ou d&rsquo;autres modalit\u00e9s de soin. Il s&rsquo;agit en fait d&rsquo;un \u00e9tat tr\u00e8s diff\u00e9rent de celui observ\u00e9 pendant le yoga, la m\u00e9ditation, les sessions de Reiki ou toute autre forme de soin \u00e9nerg\u00e9tique. Cela prouve clairement que le Soin Reconnectif est quelque chose de totalement nouveau sur la plan\u00e8te et totalement diff\u00e9rent de ce qui \u00e9tait pr\u00e9sent jusqu&rsquo;\u00e0 pr\u00e9sent.<\/p>\t\t\t\t\t\t<\/div>\n\t\t\t\t<\/div>\n\t\t\t\t\t<\/div>\n\t\t\t\t<\/div>\n\t\t<div class=\"elementor-element elementor-element-091ec29 e-flex e-con-boxed wpr-particle-no wpr-jarallax-no wpr-parallax-no wpr-sticky-section-no e-con e-child\" data-id=\"091ec29\" data-element_type=\"container\">\n\t\t\t\t\t<div class=\"e-con-inner\">\n\t\t\t\t<div class=\"elementor-element elementor-element-331fbf4 elementor-widget elementor-widget-heading\" data-id=\"331fbf4\" data-element_type=\"widget\" data-widget_type=\"heading.default\">\n\t\t\t\t<div class=\"elementor-widget-container\">\n\t\t\t<h4 class=\"elementor-heading-title elementor-size-default\">\u00c9tude sur l'impact de la Soin Reconnectif sur les plantes et leur ADN<\/h4>\t\t<\/div>\n\t\t\t\t<\/div>\n\t\t\t\t<div class=\"elementor-element elementor-element-251b303 elementor-widget elementor-widget-text-editor\" data-id=\"251b303\" data-element_type=\"widget\" data-widget_type=\"text-editor.default\">\n\t\t\t\t<div class=\"elementor-widget-container\">\n\t\t\t\t\t\t\t<div class=\"framer-1lyyilc\" data-framer-component-type=\"RichTextContainer\"><p class=\"framer-text framer-styles-preset-21ogod\" data-styles-preset=\"xZndidUCt\">L&rsquo;\u00e9tude vise \u00e0 examiner ce qui se passe lorsque le Soin Reconnectif est appliqu\u00e9 aux plantes. Des feuilles de plantes ont \u00e9t\u00e9 s\u00e9lectionn\u00e9es et appari\u00e9es en taille et en texture. Ce que nous savons, c&rsquo;est que lorsque les feuilles sont s\u00e9par\u00e9es de leur source de vie (tige ou tronc), elles meurent. Lorsque les feuilles entrent dans ce processus de mort, elles saignent &#8211; non pas du sang ou des fluides &#8211; mais de la lumi\u00e8re. La lumi\u00e8re laisse des organismes qui meurent. Dans cette exp\u00e9rience, la feuille t\u00e9moin du couple a \u00e9t\u00e9 laiss\u00e9e mourir naturellement. L&rsquo;autre feuille du couple a \u00e9t\u00e9 soumise \u00e0 diff\u00e9rents types de traitements \u00e9nerg\u00e9tiques.<\/p><\/div>\t\t\t\t\t\t<\/div>\n\t\t\t\t<\/div>\n\t\t\t\t<div class=\"elementor-element elementor-element-f9d483d elementor-widget elementor-widget-heading\" data-id=\"f9d483d\" data-element_type=\"widget\" data-widget_type=\"heading.default\">\n\t\t\t\t<div class=\"elementor-widget-container\">\n\t\t\t<h5 class=\"elementor-heading-title elementor-size-default\">R\u00e9sultats :<\/h5>\t\t<\/div>\n\t\t\t\t<\/div>\n\t\t\t\t<div class=\"elementor-element elementor-element-9ffdb48 elementor-widget elementor-widget-text-editor\" data-id=\"9ffdb48\" data-element_type=\"widget\" data-widget_type=\"text-editor.default\">\n\t\t\t\t<div class=\"elementor-widget-container\">\n\t\t\t\t\t\t\t<p>Pendant les s\u00e9ances, les praticiens de soin reconnectif et les personnes trait\u00e9es sont clairement entr\u00e9s dans un \u00e9tat de r\u00e9\u00e9quilibrage acc\u00e9l\u00e9r\u00e9. L&rsquo;op\u00e9rateur exp\u00e9rimente un \u00e9tat dans lequel le cerveau et le c\u0153ur changent radicalement d&rsquo;activit\u00e9. Cet \u00e9tat, appel\u00e9 \u00ab\u00a0Quiescence \u00e9motionnelle\u00a0\u00bb, est associ\u00e9 \u00e0 une conscience extr\u00eame, un sentiment de paix profonde, une connexion avec le champ universel et la capacit\u00e9 de percevoir \u00e0 des niveaux sup\u00e9rieurs. Cela d\u00e9passe de loin tout autre \u00e9tat observ\u00e9 avec d&rsquo;autres sources d&rsquo;\u00e9nergie ou d&rsquo;autres modalit\u00e9s de soin. Il s&rsquo;agit en fait d&rsquo;un \u00e9tat tr\u00e8s diff\u00e9rent de celui observ\u00e9 pendant le yoga, la m\u00e9ditation, les sessions de Reiki ou toute autre forme de soin \u00e9nerg\u00e9tique. Cela prouve clairement que le Soin Reconnectif est quelque chose de totalement nouveau sur la plan\u00e8te et totalement diff\u00e9rent de ce qui \u00e9tait pr\u00e9sent jusqu&rsquo;\u00e0 pr\u00e9sent.<\/p>\t\t\t\t\t\t<\/div>\n\t\t\t\t<\/div>\n\t\t\t\t\t<\/div>\n\t\t\t\t<\/div>\n\t\t\t\t\t<\/div>\n\t\t\t\t<\/div>\n\t\t\t\t<\/div>\n\t\t","protected":false},"excerpt":{"rendered":"<p>\u00c9tude de G.Schwartz et L. Russek R\u00e9f\u00e9rences de Gary Schwartz, Ph.D. : Doyen des facult\u00e9s de m\u00e9decine, de neurologie, de psychiatrie, de psychologie et de chirurgie ; directeur du Laboratory for the Advances in Consciousness and Health \u00e0 l&rsquo;Universit\u00e9 d&rsquo;Arizona. Ancien directeur du Human Energy Systems Laboratory. Docteur de l&rsquo;universit\u00e9 de Harvard en 1971, professeur adjoint de psychologie \u00e0 Harvard jusqu&rsquo;en 1976 ; professeur de psychologie et de psychiatrie \u00e0 l&rsquo;universit\u00e9 de Yale et directeur du Yale Center for Psychophysiology. Codirecteur de la Yale Behavioral Medicine Clinic. Premi\u00e8re \u00e9tude sur les praticiens de soin reconnectif Le Human Energy Systems Laboratory de l&rsquo;universit\u00e9 d&rsquo;Arizona a men\u00e9 une s\u00e9rie d&rsquo;\u00e9tudes minutieuses et d&rsquo;exp\u00e9riences scientifiquement contr\u00f4l\u00e9es avec le Dr Pearl et d&rsquo;autres praticiens de soin reconnectif afin de d\u00e9terminer si l&rsquo;\u00e9nergie reconnective est quelque chose de r\u00e9el et de mesurable en laboratoire. Pendant ces tests, le Dr Pearl et certains de ses \u00e9tudiants ont jou\u00e9 le r\u00f4le de diffuseurs tandis que des volontaires recevaient les fr\u00e9quences. R\u00e9sultats : Le premier test a montr\u00e9 que des volontaires aux yeux band\u00e9s pouvaient ressentir les fr\u00e9quences et l&rsquo;\u00e9nergie pendant une p\u00e9riode de temps d\u00e9passant 83%. Le deuxi\u00e8me a d\u00e9montr\u00e9 que l&rsquo;\u00e9nergie fonctionne \u00e9galement comme un signal \u00e9lectromagn\u00e9tique. La troisi\u00e8me a montr\u00e9 comment le rythme cardiaque, mesur\u00e9 par un \u00e9lectrocardiogramme (ECG), se synchronise avec les ondes c\u00e9r\u00e9brales du receveur, mesur\u00e9es par un \u00e9lectroenc\u00e9phalogramme (EEG). Le r\u00e9sultat le plus significatif de la troisi\u00e8me exp\u00e9rience est le fait que, que le destinataire soit conscient ou non de recevoir de l&rsquo;\u00e9nergie, le cerveau pr\u00e9sente les m\u00eames r\u00e9ponses. On peut donc dire que le cerveau r\u00e9agit inconsciemment et d\u00e9tecte l&rsquo;\u00e9nergie de la m\u00eame mani\u00e8re, sans avoir besoin de pens\u00e9es, de foi, d&rsquo;espoir ou de croyances. \u00c9tudes sur les participants aux cours de soin reconnectif Le Dr Schwartz et ses coll\u00e8gues ont men\u00e9 des \u00e9tudes de base sur le niveau d&rsquo;\u00e9nergie, \u00e0 la fois dans le laboratoire du Dr Schwarz et \u00e0 l&rsquo;Universit\u00e9 d&rsquo;Arizona. Ces \u00e9tudes ont mesur\u00e9 la capacit\u00e9 des personnes \u00e0 travailler avec des fr\u00e9quences, \u00e0 les entendre, \u00e0 les transmettre, \u00e0 recevoir de la lumi\u00e8re et d&rsquo;autres fr\u00e9quences \u00e9lectromagn\u00e9tiques avant et apr\u00e8s avoir suivi des cours de formation. R\u00e9sultats : Ce qui a \u00e9t\u00e9 d\u00e9couvert est exceptionnel. La plupart des cent et plus personnes qui ont particip\u00e9 \u00e0 l&rsquo;\u00e9tude ont augment\u00e9 et \u00e9largi de fa\u00e7on permanente leur champ \u00e9lectromagn\u00e9tique et acquis de nouvelles comp\u00e9tences \u00e9lectromagn\u00e9tiques simplement en suivant les s\u00e9minaires de Soin Reconnectif, que les participants aient ou non d\u00e9j\u00e0 \u00e9tudi\u00e9 les techniques de soin. soin, qu&rsquo;ils soient d\u00e9j\u00e0 enseignants ou ma\u00eetres de diverses autres m\u00e9thodes de soin \u00e9nerg\u00e9tique connues aujourd&rsquo;hui. Tous ces sujets ont consid\u00e9rablement augment\u00e9 leur niveau d&rsquo;\u00e9nergie en acc\u00e9dant \u00e0 d&rsquo;autres nouveaux niveaux. Deuxi\u00e8me \u00e9tude sur les praticiens de Soin Reconnectif En utilisant l&rsquo;outil Profusion Laser, l&rsquo;\u00e9tude se concentre sur l&rsquo;observation de la variation du rythme cardiaque chez les praticiens de Soin Reconnectif, en les comparant avec les mesures des \u00e9tudes pr\u00e9c\u00e9dentes sur des sujets en m\u00e9ditation, des grands ma\u00eetres de Qi Gong, des ma\u00eetres de Reiki et des experts en arts martiaux. R\u00e9sultats : Pendant les s\u00e9ances, les praticiens de soin reconnectif et les personnes trait\u00e9es sont clairement entr\u00e9s dans un \u00e9tat de r\u00e9\u00e9quilibrage acc\u00e9l\u00e9r\u00e9. L&rsquo;op\u00e9rateur exp\u00e9rimente un \u00e9tat dans lequel le cerveau et le c\u0153ur changent radicalement d&rsquo;activit\u00e9. Cet \u00e9tat, appel\u00e9 \u00ab\u00a0Quiescence \u00e9motionnelle\u00a0\u00bb, est associ\u00e9 \u00e0 une conscience extr\u00eame, un sentiment de paix profonde, une connexion avec le champ universel et la capacit\u00e9 de percevoir \u00e0 des niveaux sup\u00e9rieurs. Cela d\u00e9passe de loin tout autre \u00e9tat observ\u00e9 avec d&rsquo;autres sources d&rsquo;\u00e9nergie ou d&rsquo;autres modalit\u00e9s de soin. Il s&rsquo;agit en fait d&rsquo;un \u00e9tat tr\u00e8s diff\u00e9rent de celui observ\u00e9 pendant le yoga, la m\u00e9ditation, les sessions de Reiki ou toute autre forme de soin \u00e9nerg\u00e9tique. Cela prouve clairement que le Soin Reconnectif est quelque chose de totalement nouveau sur la plan\u00e8te et totalement diff\u00e9rent de ce qui \u00e9tait pr\u00e9sent jusqu&rsquo;\u00e0 pr\u00e9sent. \u00c9tude sur l&rsquo;impact de la Soin Reconnectif sur les plantes et leur ADN L&rsquo;\u00e9tude vise \u00e0 examiner ce qui se passe lorsque le Soin Reconnectif est appliqu\u00e9 aux plantes. Des feuilles de plantes ont \u00e9t\u00e9 s\u00e9lectionn\u00e9es et appari\u00e9es en taille et en texture. Ce que nous savons, c&rsquo;est que lorsque les feuilles sont s\u00e9par\u00e9es de leur source de vie (tige ou tronc), elles meurent. Lorsque les feuilles entrent dans ce processus de mort, elles saignent &#8211; non pas du sang ou des fluides &#8211; mais de la lumi\u00e8re. La lumi\u00e8re laisse des organismes qui meurent. Dans cette exp\u00e9rience, la feuille t\u00e9moin du couple a \u00e9t\u00e9 laiss\u00e9e mourir naturellement. L&rsquo;autre feuille du couple a \u00e9t\u00e9 soumise \u00e0 diff\u00e9rents types de traitements \u00e9nerg\u00e9tiques. R\u00e9sultats : Pendant les s\u00e9ances, les praticiens de soin reconnectif et les personnes trait\u00e9es sont clairement entr\u00e9s dans un \u00e9tat de r\u00e9\u00e9quilibrage acc\u00e9l\u00e9r\u00e9. L&rsquo;op\u00e9rateur exp\u00e9rimente un \u00e9tat dans lequel le cerveau et le c\u0153ur changent radicalement d&rsquo;activit\u00e9. Cet \u00e9tat, appel\u00e9 \u00ab\u00a0Quiescence \u00e9motionnelle\u00a0\u00bb, est associ\u00e9 \u00e0 une conscience extr\u00eame, un sentiment de paix profonde, une connexion avec le champ universel et la capacit\u00e9 de percevoir \u00e0 des niveaux sup\u00e9rieurs. Cela d\u00e9passe de loin tout autre \u00e9tat observ\u00e9 avec d&rsquo;autres sources d&rsquo;\u00e9nergie ou d&rsquo;autres modalit\u00e9s de soin. Il s&rsquo;agit en fait d&rsquo;un \u00e9tat tr\u00e8s diff\u00e9rent de celui observ\u00e9 pendant le yoga, la m\u00e9ditation, les sessions de Reiki ou toute autre forme de soin \u00e9nerg\u00e9tique. Cela prouve clairement que le Soin Reconnectif est quelque chose de totalement nouveau sur la plan\u00e8te et totalement diff\u00e9rent de ce qui \u00e9tait pr\u00e9sent jusqu&rsquo;\u00e0 pr\u00e9sent.<\/p>\n","protected":false},"author":1,"featured_media":0,"parent":0,"menu_order":0,"comment_status":"closed","ping_status":"closed","template":"elementor_canvas","meta":{"footnotes":""},"class_list":["post-1155","page","type-page","status-publish","hentry"],"_links":{"self":[{"href":"https:\/\/oli-decock.eu\/index.php?rest_route=\/wp\/v2\/pages\/1155","targetHints":{"allow":["GET"]}}],"collection":[{"href":"https:\/\/oli-decock.eu\/index.php?rest_route=\/wp\/v2\/pages"}],"about":[{"href":"https:\/\/oli-decock.eu\/index.php?rest_route=\/wp\/v2\/types\/page"}],"author":[{"embeddable":true,"href":"https:\/\/oli-decock.eu\/index.php?rest_route=\/wp\/v2\/users\/1"}],"replies":[{"embeddable":true,"href":"https:\/\/oli-decock.eu\/index.php?rest_route=%2Fwp%2Fv2%2Fcomments&post=1155"}],"version-history":[{"count":7,"href":"https:\/\/oli-decock.eu\/index.php?rest_route=\/wp\/v2\/pages\/1155\/revisions"}],"predecessor-version":[{"id":1170,"href":"https:\/\/oli-decock.eu\/index.php?rest_route=\/wp\/v2\/pages\/1155\/revisions\/1170"}],"wp:attachment":[{"href":"https:\/\/oli-decock.eu\/index.php?rest_route=%2Fwp%2Fv2%2Fmedia&parent=1155"}],"curies":[{"name":"wp","href":"https:\/\/api.w.org\/{rel}","templated":true}]}}